{"id":208,"date":"2019-12-25T04:24:36","date_gmt":"2019-12-25T04:24:36","guid":{"rendered":"http:\/\/192.168.1.30\/zoo-anon\/?page_id=208"},"modified":"2024-02-27T23:40:20","modified_gmt":"2024-02-27T23:40:20","slug":"blog-grid","status":"publish","type":"page","link":"https:\/\/muellerkitchen.es\/es\/blog-grid\/","title":{"rendered":"Blog"},"content":{"rendered":"<div data-elementor-type=\"wp-page\" data-elementor-id=\"208\" class=\"elementor elementor-208\">\n\t\t\t\t<div class=\"elementor-element elementor-element-fa1b21d e-flex e-con-boxed e-con e-parent\" data-id=\"fa1b21d\" data-element_type=\"container\">\n\t\t\t\t\t<div class=\"e-con-inner\">\n\t\t\t\t<div class=\"elementor-element elementor-element-9d2f836 elementor-widget elementor-widget-heading\" data-id=\"9d2f836\" data-element_type=\"widget\" data-widget_type=\"heading.default\">\n\t\t\t\t<div class=\"elementor-widget-container\">\n\t\t\t\t\t<h2 class=\"elementor-heading-title elementor-size-default\">M\u00dcLLER KITCHEN BLOG<\/h2>\t\t\t\t<\/div>\n\t\t\t\t<\/div>\n\t\t\t\t\t<\/div>\n\t\t\t\t<\/div>\n\t\t\t\t<section class=\"elementor-section elementor-top-section elementor-element elementor-element-825c955 elementor-section-boxed elementor-section-height-default elementor-section-height-default\" data-id=\"825c955\" data-element_type=\"section\">\n\t\t\t\t\t\t<div class=\"elementor-container elementor-column-gap-default\">\n\t\t\t\t\t<div class=\"elementor-column elementor-col-100 elementor-top-column elementor-element elementor-element-b9d623d\" data-id=\"b9d623d\" data-element_type=\"column\">\n\t\t\t<div class=\"elementor-widget-wrap elementor-element-populated\">\n\t\t\t\t\t\t<section class=\"elementor-section elementor-inner-section elementor-element elementor-element-f815952 elementor-section-boxed elementor-section-height-default elementor-section-height-default\" data-id=\"f815952\" data-element_type=\"section\">\n\t\t\t\t\t\t<div class=\"elementor-container elementor-column-gap-default\">\n\t\t\t\t\t<div class=\"elementor-column elementor-col-50 elementor-inner-column elementor-element elementor-element-446ddd7\" data-id=\"446ddd7\" data-element_type=\"column\">\n\t\t\t<div class=\"elementor-widget-wrap elementor-element-populated\">\n\t\t\t\t\t\t<div class=\"elementor-element elementor-element-9ce5462 elementor-widget elementor-widget-clever-posts\" data-id=\"9ce5462\" data-element_type=\"widget\" data-settings=\"{&quot;col&quot;:2,&quot;col_tablet&quot;:&quot;1&quot;,&quot;col_mobile&quot;:&quot;1&quot;}\" data-widget_type=\"clever-posts.default\">\n\t\t\t\t<div class=\"elementor-widget-container\">\n\t\t\t\t\t    <div class=\"cafe-posts grid-layout cafe-row cafe-grid-lg-2-cols cafe-grid-md-1-cols cafe-grid-1-cols boxed\"\n         >\n                        <article id=\"post-2963\" class=\"cafe-post-item post-loop-item grid-layout-item cafe-col post-2963 post type-post status-publish format-standard has-post-thumbnail hentry category-kitchen tag-cookware tag-kitchen-appliances tag-muller-kitchen\">\n                                                    <div class=\"inner-post-content\">\n                                                                <div class=\"wrap-media\">\n                                                                        <a href=\"https:\/\/muellerkitchen.es\/es\/discover-the-excellence-of-muller-kitchen-premium-cookware-and-kitchen-appliances\/\"\n                                       title=\"Descubra la excelencia de la Muller Kitchen: utensilios de cocina y electrodom\u00e9sticos de cocina premium\">\n                                        <img fetchpriority=\"high\" decoding=\"async\" width=\"230\" height=\"300\" src=\"https:\/\/muellerkitchen.es\/wp-content\/uploads\/2024\/03\/usa-website-banner-everyday-230x300.jpg\" class=\"attachment-medium size-medium wp-post-image\" alt=\"\" srcset=\"https:\/\/muellerkitchen.es\/wp-content\/uploads\/2024\/03\/usa-website-banner-everyday-230x300.jpg 230w, https:\/\/muellerkitchen.es\/wp-content\/uploads\/2024\/03\/usa-website-banner-everyday-330x430.jpg 330w, https:\/\/muellerkitchen.es\/wp-content\/uploads\/2024\/03\/usa-website-banner-everyday-92x120.jpg 92w, https:\/\/muellerkitchen.es\/wp-content\/uploads\/2024\/03\/usa-website-banner-everyday.jpg 450w\" sizes=\"(max-width: 230px) 100vw, 230px\" \/>                                    <\/a>\n                                <\/div>\n                                                            <div class=\"wrap-post-item-content\">\n                                                                    <div class=\"list-cat\"><a href=\"https:\/\/muellerkitchen.es\/es\/category\/kitchen\/\" rel=\"tag\">Cocina<\/a><\/div>\n                                    <h3 class=\"entry-title title-post\"><a href=\"https:\/\/muellerkitchen.es\/es\/discover-the-excellence-of-muller-kitchen-premium-cookware-and-kitchen-appliances\/\" rel=\"bookmark\">Descubra la excelencia de la Muller Kitchen: utensilios de cocina y electrodom\u00e9sticos de cocina premium<\/a><\/h3>                                    <div class=\"entry-content\">\n                                        Cuando se trata de crear obras maestras culinarias, tener las herramientas y el equipo adecuados es esencial. Ah\u00ed es donde viene Muller Kitchen...                                    <\/div>\n                                                                    <ul class=\"post-info\">\n                                                                        <li class=\"post-date\">Posted febrero 5, 2024<\/li>\n                                                                    <\/ul>\n                                                                    <a href=\"https:\/\/muellerkitchen.es\/es\/discover-the-excellence-of-muller-kitchen-premium-cookware-and-kitchen-appliances\/\"\n                                       class=\"readmore\">Read more<\/a>\n                                                                <\/div>\n                                                            <\/div>\n                                                <\/article>\n                            <article id=\"post-2961\" class=\"cafe-post-item post-loop-item grid-layout-item cafe-col post-2961 post type-post status-publish format-standard has-post-thumbnail hentry category-kitchen tag-cooking-experience tag-kitchen-tools tag-nonstick-cookware\">\n                                                    <div class=\"inner-post-content\">\n                                                                <div class=\"wrap-media\">\n                                                                        <a href=\"https:\/\/muellerkitchen.es\/es\/the-benefits-of-nonstick-cookware-in-your-kitchen\/\"\n                                       title=\"Los Beneficios de Los Utensilios de Cocina Antiadherentes en su Cocina\">\n                                        <img decoding=\"async\" width=\"300\" height=\"200\" src=\"https:\/\/muellerkitchen.es\/wp-content\/uploads\/2024\/02\/stainless-steel-cooking-pot-beside-brown-round-fruit-on-brown-wooden-table-scaled.jpg\" class=\"attachment-medium size-medium wp-post-image\" alt=\"stainless steel cooking pot beside brown round fruit on brown wooden table\" srcset=\"https:\/\/muellerkitchen.es\/wp-content\/uploads\/2024\/02\/stainless-steel-cooking-pot-beside-brown-round-fruit-on-brown-wooden-table-scaled.jpg 2560w, https:\/\/muellerkitchen.es\/wp-content\/uploads\/2024\/02\/stainless-steel-cooking-pot-beside-brown-round-fruit-on-brown-wooden-table-scaled-330x220.jpg 330w, https:\/\/muellerkitchen.es\/wp-content\/uploads\/2024\/02\/stainless-steel-cooking-pot-beside-brown-round-fruit-on-brown-wooden-table-scaled-900x600.jpg 900w\" sizes=\"(max-width: 300px) 100vw, 300px\" \/>                                    <\/a>\n                                <\/div>\n                                                            <div class=\"wrap-post-item-content\">\n                                                                    <div class=\"list-cat\"><a href=\"https:\/\/muellerkitchen.es\/es\/category\/kitchen\/\" rel=\"tag\">Cocina<\/a><\/div>\n                                    <h3 class=\"entry-title title-post\"><a href=\"https:\/\/muellerkitchen.es\/es\/the-benefits-of-nonstick-cookware-in-your-kitchen\/\" rel=\"bookmark\">Los Beneficios de Los Utensilios de Cocina Antiadherentes en su Cocina<\/a><\/h3>                                    <div class=\"entry-content\">\n                                        Cuando se trata de equipar su cocina con las herramientas adecuadas, los utensilios de cocina antiadherentes son a menudo...                                    <\/div>\n                                                                    <ul class=\"post-info\">\n                                                                        <li class=\"post-date\">Posted febrero 5, 2024<\/li>\n                                                                    <\/ul>\n                                                                    <a href=\"https:\/\/muellerkitchen.es\/es\/the-benefits-of-nonstick-cookware-in-your-kitchen\/\"\n                                       class=\"readmore\">Read more<\/a>\n                                                                <\/div>\n                                                            <\/div>\n                                                <\/article>\n                            <article id=\"post-2959\" class=\"cafe-post-item post-loop-item grid-layout-item cafe-col post-2959 post type-post status-publish format-standard has-post-thumbnail hentry category-cookware tag-cookware tag-greblon-c3 tag-nonstick-surface\">\n                                                    <div class=\"inner-post-content\">\n                                                                <div class=\"wrap-media\">\n                                                                        <a href=\"https:\/\/muellerkitchen.es\/es\/discover-the-superior-german-nonstick-technology-greblon-c3\/\"\n                                       title=\"Descubra La Tecnolog\u00eda Antiadherente Alemana Superior: GREBLON C3\">\n                                        <img decoding=\"async\" width=\"300\" height=\"300\" src=\"https:\/\/muellerkitchen.es\/wp-content\/uploads\/2024\/02\/posts-03_result-15-300x300.webp\" class=\"attachment-medium size-medium wp-post-image\" alt=\"\" srcset=\"https:\/\/muellerkitchen.es\/wp-content\/uploads\/2024\/02\/posts-03_result-15-300x300.webp 300w, https:\/\/muellerkitchen.es\/wp-content\/uploads\/2024\/02\/posts-03_result-15-330x330.webp 330w, https:\/\/muellerkitchen.es\/wp-content\/uploads\/2024\/02\/posts-03_result-15-120x120.webp 120w, https:\/\/muellerkitchen.es\/wp-content\/uploads\/2024\/02\/posts-03_result-15-900x900.webp 900w, https:\/\/muellerkitchen.es\/wp-content\/uploads\/2024\/02\/posts-03_result-15-1024x1024.webp 1024w, https:\/\/muellerkitchen.es\/wp-content\/uploads\/2024\/02\/posts-03_result-15-150x150.webp 150w, https:\/\/muellerkitchen.es\/wp-content\/uploads\/2024\/02\/posts-03_result-15-768x768.webp 768w, https:\/\/muellerkitchen.es\/wp-content\/uploads\/2024\/02\/posts-03_result-15-1536x1536.webp 1536w, https:\/\/muellerkitchen.es\/wp-content\/uploads\/2024\/02\/posts-03_result-15-2048x2048.webp 2048w, https:\/\/muellerkitchen.es\/wp-content\/uploads\/2024\/02\/posts-03_result-15-12x12.webp 12w, https:\/\/muellerkitchen.es\/wp-content\/uploads\/2024\/02\/posts-03_result-15-450x450.webp 450w\" sizes=\"(max-width: 300px) 100vw, 300px\" \/>                                    <\/a>\n                                <\/div>\n                                                            <div class=\"wrap-post-item-content\">\n                                                                    <div class=\"list-cat\"><a href=\"https:\/\/muellerkitchen.es\/es\/category\/cookware\/\" rel=\"tag\">Utensilios de Cocina<\/a><\/div>\n                                    <h3 class=\"entry-title title-post\"><a href=\"https:\/\/muellerkitchen.es\/es\/discover-the-superior-german-nonstick-technology-greblon-c3\/\" rel=\"bookmark\">Descubra La Tecnolog\u00eda Antiadherente Alemana Superior: GREBLON C3<\/a><\/h3>                                    <div class=\"entry-content\">\n                                        Cuando se trata de utensilios de cocina, tener una superficie antiadherente confiable puede hacer toda la diferencia en su experiencia de cocina. Eso es...                                    <\/div>\n                                                                    <ul class=\"post-info\">\n                                                                        <li class=\"post-date\">Posted febrero 5, 2024<\/li>\n                                                                    <\/ul>\n                                                                    <a href=\"https:\/\/muellerkitchen.es\/es\/discover-the-superior-german-nonstick-technology-greblon-c3\/\"\n                                       class=\"readmore\">Read more<\/a>\n                                                                <\/div>\n                                                            <\/div>\n                                                <\/article>\n                <\/div>\n    \t\t\t\t<\/div>\n\t\t\t\t<\/div>\n\t\t\t\t\t<\/div>\n\t\t<\/div>\n\t\t\t\t<div class=\"elementor-column elementor-col-50 elementor-inner-column elementor-element elementor-element-a4a32d0\" data-id=\"a4a32d0\" data-element_type=\"column\">\n\t\t\t<div class=\"elementor-widget-wrap elementor-element-populated\">\n\t\t\t\t\t\t<div class=\"elementor-element elementor-element-1803f39 sidebar elementor-widget elementor-widget-sidebar\" data-id=\"1803f39\" data-element_type=\"widget\" data-widget_type=\"sidebar.default\">\n\t\t\t\t<div class=\"elementor-widget-container\">\n\t\t\t\t\t<div id=\"about_me_widget-1\" class=\"widget about-me-widget\"><h4 class=\"widget-title\">Sobre Nosotros<\/h4>        <div class=\"zoo-about-me\">\n                            <img decoding=\"async\" src=\"https:\/\/muellerkitchen.es\/wp-content\/uploads\/2024\/02\/Logo.png\" alt=\"\" class=\"zoo-avatar\"\/>\n                            <div class=\"caption\">\n                    Con el consumidor actual en mente, nuestros productos est\u00e1n dise\u00f1ados con el \u00e9nfasis en la innovaci\u00f3n, elegancia, simplicidad y durabilidad.                <\/div>\n                                <div class=\"wrap-social-icon clearfix\">\n                    <a href=\"http:\/\/www.facebook.com\/#\" target=\"_blank\" title=\"Facebook\" class=\"ion-social-facebook social-icon\"><i class=\"fa fa-facebook\"><\/i><\/a><a href=\"http:\/\/instagram.com\/#\" target=\"_blank\" title=\"Instagram\" class=\"ion-social-instagram social-icon\"><i class=\"fa fa-instagram\"><\/i><\/a><a href=\"http:\/\/www.youtube.com\/user\/#\" target=\"_blank\" title=\"Youtube\" class=\"ion-social-youtube social-icon\"><i class=\"fa fa-youtube\"><\/i><\/a>                <\/div>\n                    <\/div>\n        <\/div><div id=\"categories-1\" class=\"widget widget_categories\"><h4 class=\"widget-title\">Categor\u00edas<\/h4>\n\t\t\t<ul>\n\t\t\t\t\t<li class=\"cat-item cat-item-215\"><a href=\"https:\/\/muellerkitchen.es\/es\/category\/cookware\/\">Utensilios de Cocina<\/a> <span  class=\"count\">1<\/span>\n<\/li>\n\t<li class=\"cat-item cat-item-219\"><a href=\"https:\/\/muellerkitchen.es\/es\/category\/kitchen\/\">Cocina<\/a> <span  class=\"count\">2<\/span>\n<\/li>\n\t\t\t<\/ul>\n\n\t\t\t<\/div><div id=\"zoo_posts_widget-1\" class=\"widget zoo_posts_widget\"><h4 class=\"widget-title\">Publicaciones Recientes<\/h4>            <ul class=\"zoo-posts-widget\">\r\n\r\n            \r\n            <li class=\"post-widget-item\">\r\n                                            <div class=\"post-widget-image\">\r\n                            <a href=\"https:\/\/muellerkitchen.es\/es\/discover-the-excellence-of-muller-kitchen-premium-cookware-and-kitchen-appliances\/\" title=\"Descubra la excelencia de la Muller Kitchen: utensilios de cocina y electrodom\u00e9sticos de cocina premium\">\r\n                                <img loading=\"lazy\" decoding=\"async\" width=\"150\" height=\"150\" src=\"https:\/\/muellerkitchen.es\/wp-content\/uploads\/2024\/03\/usa-website-banner-everyday-150x150.jpg\" class=\"attachment-thumbnail size-thumbnail wp-post-image\" alt=\"\" srcset=\"https:\/\/muellerkitchen.es\/wp-content\/uploads\/2024\/03\/usa-website-banner-everyday-150x150.jpg 150w, https:\/\/muellerkitchen.es\/wp-content\/uploads\/2024\/03\/usa-website-banner-everyday-120x120.jpg 120w, https:\/\/muellerkitchen.es\/wp-content\/uploads\/2024\/03\/usa-website-banner-everyday-450x450.jpg 450w\" sizes=\"(max-width: 150px) 100vw, 150px\" \/>                            <\/a>\r\n                        <\/div>\r\n                                        <div class=\"post-widget-item-text\">\r\n                        <span class=\"date-post\"><i class=\"zoo-icon-clock\"><\/i> febrero 5, 2024<\/span>\r\n                        <h4 class=\"title-post\"><a href=\"https:\/\/muellerkitchen.es\/es\/discover-the-excellence-of-muller-kitchen-premium-cookware-and-kitchen-appliances\/\" rel=\"bookmark\" title=\"Descubra la excelencia de la Muller Kitchen: utensilios de cocina y electrodom\u00e9sticos de cocina premium\">Descubra la excelencia de la Muller Kitchen: utensilios de cocina y electrodom\u00e9sticos de cocina premium<\/a><\/h4>\r\n                    <\/div>\r\n            <\/li>\r\n\r\n        \r\n            <li class=\"post-widget-item\">\r\n                                            <div class=\"post-widget-image\">\r\n                            <a href=\"https:\/\/muellerkitchen.es\/es\/the-benefits-of-nonstick-cookware-in-your-kitchen\/\" title=\"Los Beneficios de Los Utensilios de Cocina Antiadherentes en su Cocina\">\r\n                                <img loading=\"lazy\" decoding=\"async\" width=\"150\" height=\"100\" src=\"https:\/\/muellerkitchen.es\/wp-content\/uploads\/2024\/02\/stainless-steel-cooking-pot-beside-brown-round-fruit-on-brown-wooden-table-scaled.jpg\" class=\"attachment-thumbnail size-thumbnail wp-post-image\" alt=\"stainless steel cooking pot beside brown round fruit on brown wooden table\" srcset=\"https:\/\/muellerkitchen.es\/wp-content\/uploads\/2024\/02\/stainless-steel-cooking-pot-beside-brown-round-fruit-on-brown-wooden-table-scaled.jpg 2560w, https:\/\/muellerkitchen.es\/wp-content\/uploads\/2024\/02\/stainless-steel-cooking-pot-beside-brown-round-fruit-on-brown-wooden-table-scaled-330x220.jpg 330w, https:\/\/muellerkitchen.es\/wp-content\/uploads\/2024\/02\/stainless-steel-cooking-pot-beside-brown-round-fruit-on-brown-wooden-table-scaled-900x600.jpg 900w\" sizes=\"(max-width: 150px) 100vw, 150px\" \/>                            <\/a>\r\n                        <\/div>\r\n                                        <div class=\"post-widget-item-text\">\r\n                        <span class=\"date-post\"><i class=\"zoo-icon-clock\"><\/i> febrero 5, 2024<\/span>\r\n                        <h4 class=\"title-post\"><a href=\"https:\/\/muellerkitchen.es\/es\/the-benefits-of-nonstick-cookware-in-your-kitchen\/\" rel=\"bookmark\" title=\"Los Beneficios de Los Utensilios de Cocina Antiadherentes en su Cocina\">Los Beneficios de Los Utensilios de Cocina Antiadherentes en su Cocina<\/a><\/h4>\r\n                    <\/div>\r\n            <\/li>\r\n\r\n        \r\n            <li class=\"post-widget-item\">\r\n                                            <div class=\"post-widget-image\">\r\n                            <a href=\"https:\/\/muellerkitchen.es\/es\/discover-the-superior-german-nonstick-technology-greblon-c3\/\" title=\"Descubra La Tecnolog\u00eda Antiadherente Alemana Superior: GREBLON C3\">\r\n                                <img loading=\"lazy\" decoding=\"async\" width=\"150\" height=\"150\" src=\"https:\/\/muellerkitchen.es\/wp-content\/uploads\/2024\/02\/posts-03_result-15-150x150.webp\" class=\"attachment-thumbnail size-thumbnail wp-post-image\" alt=\"\" srcset=\"https:\/\/muellerkitchen.es\/wp-content\/uploads\/2024\/02\/posts-03_result-15-150x150.webp 150w, https:\/\/muellerkitchen.es\/wp-content\/uploads\/2024\/02\/posts-03_result-15-330x330.webp 330w, https:\/\/muellerkitchen.es\/wp-content\/uploads\/2024\/02\/posts-03_result-15-120x120.webp 120w, https:\/\/muellerkitchen.es\/wp-content\/uploads\/2024\/02\/posts-03_result-15-900x900.webp 900w, https:\/\/muellerkitchen.es\/wp-content\/uploads\/2024\/02\/posts-03_result-15-300x300.webp 300w, https:\/\/muellerkitchen.es\/wp-content\/uploads\/2024\/02\/posts-03_result-15-1024x1024.webp 1024w, https:\/\/muellerkitchen.es\/wp-content\/uploads\/2024\/02\/posts-03_result-15-768x768.webp 768w, https:\/\/muellerkitchen.es\/wp-content\/uploads\/2024\/02\/posts-03_result-15-1536x1536.webp 1536w, https:\/\/muellerkitchen.es\/wp-content\/uploads\/2024\/02\/posts-03_result-15-2048x2048.webp 2048w, https:\/\/muellerkitchen.es\/wp-content\/uploads\/2024\/02\/posts-03_result-15-12x12.webp 12w, https:\/\/muellerkitchen.es\/wp-content\/uploads\/2024\/02\/posts-03_result-15-450x450.webp 450w\" sizes=\"(max-width: 150px) 100vw, 150px\" \/>                            <\/a>\r\n                        <\/div>\r\n                                        <div class=\"post-widget-item-text\">\r\n                        <span class=\"date-post\"><i class=\"zoo-icon-clock\"><\/i> febrero 5, 2024<\/span>\r\n                        <h4 class=\"title-post\"><a href=\"https:\/\/muellerkitchen.es\/es\/discover-the-superior-german-nonstick-technology-greblon-c3\/\" rel=\"bookmark\" title=\"Descubra La Tecnolog\u00eda Antiadherente Alemana Superior: GREBLON C3\">Descubra La Tecnolog\u00eda Antiadherente Alemana Superior: GREBLON C3<\/a><\/h4>\r\n                    <\/div>\r\n            <\/li>\r\n\r\n        \r\n        <\/ul>\r\n\r\n        <\/div><div id=\"tag_cloud-1\" class=\"widget widget_tag_cloud\"><h4 class=\"widget-title\">Tags<\/h4><div class=\"tagcloud\"><a href=\"https:\/\/muellerkitchen.es\/es\/tag\/cooking-experience\/\" class=\"tag-cloud-link tag-link-222 tag-link-position-1\" style=\"font-size: 8pt;\" aria-label=\"cooking experience (1 elemento)\">Experiencia Culinaria<\/a>\n<a href=\"https:\/\/muellerkitchen.es\/es\/tag\/cookware\/\" class=\"tag-cloud-link tag-link-216 tag-link-position-2\" style=\"font-size: 22pt;\" aria-label=\"cookware (2 elementos)\">Utensilios de Cocina<\/a>\n<a href=\"https:\/\/muellerkitchen.es\/es\/tag\/greblon-c3\/\" class=\"tag-cloud-link tag-link-218 tag-link-position-3\" style=\"font-size: 8pt;\" aria-label=\"GREBLON C3 (1 elemento)\">GREBLON C3<\/a>\n<a href=\"https:\/\/muellerkitchen.es\/es\/tag\/kitchen-appliances\/\" class=\"tag-cloud-link tag-link-223 tag-link-position-4\" style=\"font-size: 8pt;\" aria-label=\"kitchen appliances (1 elemento)\">Aparatos de Cocina<\/a>\n<a href=\"https:\/\/muellerkitchen.es\/es\/tag\/kitchen-tools\/\" class=\"tag-cloud-link tag-link-221 tag-link-position-5\" style=\"font-size: 8pt;\" aria-label=\"kitchen tools (1 elemento)\">Utensilios de Cocina<\/a>\n<a href=\"https:\/\/muellerkitchen.es\/es\/tag\/muller-kitchen\/\" class=\"tag-cloud-link tag-link-224 tag-link-position-6\" style=\"font-size: 8pt;\" aria-label=\"Muller Kitchen (1 elemento)\">Muller Kitchen<\/a>\n<a href=\"https:\/\/muellerkitchen.es\/es\/tag\/nonstick-cookware\/\" class=\"tag-cloud-link tag-link-220 tag-link-position-7\" style=\"font-size: 8pt;\" aria-label=\"nonstick cookware (1 elemento)\">Utensilios de Cocina Antiadherentes<\/a>\n<a href=\"https:\/\/muellerkitchen.es\/es\/tag\/nonstick-surface\/\" class=\"tag-cloud-link tag-link-217 tag-link-position-8\" style=\"font-size: 8pt;\" aria-label=\"nonstick surface (1 elemento)\">Superficie Antiadherente<\/a><\/div>\n<\/div>\t\t\t\t<\/div>\n\t\t\t\t<\/div>\n\t\t\t\t\t<\/div>\n\t\t<\/div>\n\t\t\t\t\t<\/div>\n\t\t<\/section>\n\t\t\t\t\t<\/div>\n\t\t<\/div>\n\t\t\t\t\t<\/div>\n\t\t<\/section>\n\t\t\t\t<\/div>","protected":false},"excerpt":{"rendered":"<p>M\u00dcLLER KITCHEN BLOG Kitchen Discover the Excellence of Muller Kitchen: Premium Cookware and Kitchen Appliances When it comes to creating culinary masterpieces, having the right tools and equipment is essential&#8230;.<\/p>","protected":false},"author":1,"featured_media":0,"parent":0,"menu_order":0,"comment_status":"closed","ping_status":"closed","template":"","meta":{"postBodyCss":"","postBodyMargin":[],"postBodyPadding":[],"postBodyBackground":{"backgroundType":"classic","gradient":""},"footnotes":""},"_links":{"self":[{"href":"https:\/\/muellerkitchen.es\/es\/wp-json\/wp\/v2\/pages\/208"}],"collection":[{"href":"https:\/\/muellerkitchen.es\/es\/wp-json\/wp\/v2\/pages"}],"about":[{"href":"https:\/\/muellerkitchen.es\/es\/wp-json\/wp\/v2\/types\/page"}],"author":[{"embeddable":true,"href":"https:\/\/muellerkitchen.es\/es\/wp-json\/wp\/v2\/users\/1"}],"replies":[{"embeddable":true,"href":"https:\/\/muellerkitchen.es\/es\/wp-json\/wp\/v2\/comments?post=208"}],"version-history":[{"count":38,"href":"https:\/\/muellerkitchen.es\/es\/wp-json\/wp\/v2\/pages\/208\/revisions"}],"predecessor-version":[{"id":3213,"href":"https:\/\/muellerkitchen.es\/es\/wp-json\/wp\/v2\/pages\/208\/revisions\/3213"}],"wp:attachment":[{"href":"https:\/\/muellerkitchen.es\/es\/wp-json\/wp\/v2\/media?parent=208"}],"curies":[{"name":"wp","href":"https:\/\/api.w.org\/{rel}","templated":true}]}}