{"id":3,"date":"2023-12-28T11:37:03","date_gmt":"2023-12-28T11:37:03","guid":{"rendered":"https:\/\/muellerkitchen.es\/?page_id=3"},"modified":"2026-03-17T15:08:34","modified_gmt":"2026-03-17T15:08:34","slug":"privacy-policy","status":"publish","type":"page","link":"https:\/\/muellerkitchen.es\/es\/privacy-policy\/","title":{"rendered":"Pol\u00edtica de Privacidad"},"content":{"rendered":"<div data-elementor-type=\"wp-page\" data-elementor-id=\"3\" class=\"elementor elementor-3\">\n\t\t\t\t<div class=\"elementor-element elementor-element-3ce03132 e-flex e-con-boxed e-con e-parent\" data-id=\"3ce03132\" data-element_type=\"container\">\n\t\t\t\t\t<div class=\"e-con-inner\">\n\t\t\t\t<div class=\"elementor-element elementor-element-590f7144 elementor-widget elementor-widget-text-editor\" data-id=\"590f7144\" data-element_type=\"widget\" data-widget_type=\"text-editor.default\">\n\t\t\t\t<div class=\"elementor-widget-container\">\n\t\t\t\t\t\t\t\t\t<h1>Pol\u00edtica de Privacidad<\/h1>\n<p><strong>\u00daltima Actualizaci\u00f3n:<\/strong>&nbsp;22 Marzo, 2024<\/p>\n<p><span style=\"color: #000000; font-family: futura-pt, sans-serif; font-size: 1.66667rem; letter-spacing: 0.8px;\">1. introducci\u00f3n<\/span><\/p>\n<p class=\"translation-block\">Esta pol\u00edtica de privacidad explica c\u00f3mo <strong>LOVAGE GROUP S.L<\/strong> recopila, utiliza y protege sus datos personales cuando visita o realiza una compra en <strong>muellerkitchen.es<\/strong>.<\/p>\n<p>Nos comprometemos a garantizar que su privacidad est\u00e9 protegida de acuerdo con el Reglamento General de Protecci\u00f3n de Datos (RGPD).<\/p>\n<h2>2. Controlador de datos<\/h2>\n<p><strong>LOVAGE GROUP S.L<\/strong><br>Calle Dels Drapers, 5<br>46900 Torrent<br>Espa\u00f1a<br>Email: info@muellerkitchen.es<\/p>\n<h2>3. Datos personales que recopilamos<\/h2>\n<p>Podemos recopilar y procesar los siguientes datos:<\/p>\n<ul>\n<li>nombre y apellido<\/li>\n<li>direcci\u00f3n de facturaci\u00f3n y env\u00edo<\/li>\n<li>Email<\/li>\n<li>n\u00famero de tel\u00e9fono<\/li>\n<li>Datos de pago (procesados de forma segura a trav\u00e9s de proveedores externos)<\/li>\n<li>Direcci\u00f3n IP y datos del navegador<\/li>\n<li>historial de pedidos<\/li>\n<li>datos de uso del sitio web<\/li>\n<\/ul>\n<h2>4. C\u00f3mo utilizamos sus datos<\/h2>\n<p>Sus datos personales se utilizan para los siguientes fines:<\/p>\n<ul>\n<li>Para procesar y entregar sus pedidos<\/li>\n<li>Gestionar los pagos y prevenir el fraude<\/li>\n<li>para proporcionar asistencia al cliente<\/li>\n<li>Mejorar nuestro sitio web y nuestros servicios<\/li>\n<li>Enviar comunicaciones de marketing (si se da consentimiento)<\/li>\n<li>para cumplir con obligaciones legales<\/li>\n<\/ul>\n<h2>5. Base legal para el procesamiento<\/h2>\n<p>Procesamos sus datos en base a:<\/p>\n<ul>\n<li class=\"translation-block\"><strong>Contrato:<\/strong> Para cumplir con sus pedidos<\/li>\n<li class=\"translation-block\"><strong>Obligaci\u00f3n legal:<\/strong> A efectos fiscales y contables<\/li>\n<li class=\"translation-block\"><strong>Inter\u00e9s leg\u00edtimo:<\/strong> Para mejorar los servicios y prevenir el fraude<\/li>\n<li class=\"translation-block\"><strong>Consentimiento:<\/strong> Para marketing y cookies<\/li>\n<\/ul>\n<h2>6. Procesamiento de pagos de<\/h2>\n<p>Los pagos se procesan de forma segura a trav\u00e9s de proveedores externos como:<\/p>\n<ul>\n<li>Visa<\/li>\n<li>Mastercard<\/li>\n<li>PayPal<\/li>\n<\/ul>\n<p>No almacenamos todos sus datos de pago.<\/p>\n<h2>7. Herramientas de marketing y seguimiento<\/h2>\n<p>Utilizamos las siguientes herramientas:<\/p>\n<h3>Google Analytics<\/h3>\n<p>Se utiliza para analizar el tr\u00e1fico del sitio web y el comportamiento de los usuarios.<\/p>\n<h3>Facebook Pixel<\/h3>\n<p>Se utiliza con fines publicitarios y de remarketing.<\/p>\n<h3>Email Marketing (e.g., Klaviyo, Mailchimp)<\/h3>\n<p>Se utiliza para enviar correos electr\u00f3nicos promocionales si ha dado su consentimiento.<\/p>\n<p>Estas herramientas pueden recopilar datos como direcci\u00f3n IP, comportamiento de navegaci\u00f3n e interacciones.<\/p>\n<h2>8. Cookies<\/h2>\n<p>Utilizamos cookies para mejorar tu experiencia de navegaci\u00f3n y analizar el tr\u00e1fico.<\/p>\n<p class=\"translation-block\">Puede gestionar sus preferencias de cookies a trav\u00e9s de nuestra <a href=\"https:\/\/muellerkitchen.es\/es\/cookies-policy\/\" target=\"_self\">Pol\u00edtica de cookies<\/a>.<\/p>\n<h2>9. Intercambio de datos de<\/h2>\n<p>Podemos compartir sus datos con:<\/p>\n<ul>\n<li>proveedores de pago<\/li>\n<li>Socios de transporte y log\u00edstica<\/li>\n<li>plataformas de marketing<\/li>\n<li>Proveedores de TI y alojamiento<\/li>\n<\/ul>\n<p>Todos los terceros deben cumplir con el RGPD.<\/p>\n<h2>10. Conservaci\u00f3n de datos<\/h2>\n<p>Conservamos sus datos solo durante el tiempo que sea necesario para:<\/p>\n<ul>\n<li>cumplimiento de pedidos<\/li>\n<li>obligaciones legales y fiscales<\/li>\n<li>fines de servicio al cliente<\/li>\n<\/ul>\n<h2>11. Sus derechos<\/h2>\n<p>Seg\u00fan el RGPD, usted tiene derecho a:<\/p>\n<ul>\n<li>acceder a sus datos personales<\/li>\n<li>rectificar los datos inexactos<\/li>\n<li>solicitar la eliminaci\u00f3n de sus datos<\/li>\n<li>Restringir u oponerse al procesamiento<\/li>\n<li>solicitar su portabilidad<\/li>\n<li>retirarlo en cualquier momento<\/li>\n<\/ul>\n<p>Para ejercer sus derechos, p\u00f3ngase en contacto con nosotros en: info@muellerkitchen.es<\/p>\n<h2>12. Seguridad de los datos<\/h2>\n<p>Implementamos medidas t\u00e9cnicas y organizativas adecuadas para proteger sus datos.<\/p>\n<h2>13. Transferencias internacionales<\/h2>\n<p>Algunos de nuestros proveedores de servicios pueden procesar datos fuera del Espacio Econ\u00f3mico Europeo. En tales casos, se aplican las salvaguardas adecuadas.<\/p>\n<h2>14. Cambios a esta pol\u00edtica<\/h2>\n<p>Podemos actualizar esta pol\u00edtica de privacidad en cualquier momento. Los cambios se publicar\u00e1n en esta p\u00e1gina.<\/p>\n<h2>15. Contacto<\/h2>\n<p>Si tiene alguna pregunta sobre esta Pol\u00edtica de privacidad, p\u00f3ngase en contacto con nosotros a trav\u00e9s de:<\/p>\n<p>info@muellerkitchen.es<\/p>\t\t\t\t\t\t\t\t<\/div>\n\t\t\t\t<\/div>\n\t\t\t\t\t<\/div>\n\t\t\t\t<\/div>\n\t\t\t\t<\/div>","protected":false},"excerpt":{"rendered":"<p>Privacy Policy Last updated:&nbsp;22 March, 2024 1. Introduction This Privacy Policy explains how LOVAGE GROUP S.L collects, uses, and protects your personal data when you visit or make a purchase&#8230;<\/p>","protected":false},"author":1,"featured_media":0,"parent":0,"menu_order":0,"comment_status":"closed","ping_status":"open","template":"","meta":{"postBodyCss":"","postBodyMargin":[],"postBodyPadding":[],"postBodyBackground":{"backgroundType":"classic","gradient":""},"footnotes":""},"_links":{"self":[{"href":"https:\/\/muellerkitchen.es\/es\/wp-json\/wp\/v2\/pages\/3"}],"collection":[{"href":"https:\/\/muellerkitchen.es\/es\/wp-json\/wp\/v2\/pages"}],"about":[{"href":"https:\/\/muellerkitchen.es\/es\/wp-json\/wp\/v2\/types\/page"}],"author":[{"embeddable":true,"href":"https:\/\/muellerkitchen.es\/es\/wp-json\/wp\/v2\/users\/1"}],"replies":[{"embeddable":true,"href":"https:\/\/muellerkitchen.es\/es\/wp-json\/wp\/v2\/comments?post=3"}],"version-history":[{"count":10,"href":"https:\/\/muellerkitchen.es\/es\/wp-json\/wp\/v2\/pages\/3\/revisions"}],"predecessor-version":[{"id":4619,"href":"https:\/\/muellerkitchen.es\/es\/wp-json\/wp\/v2\/pages\/3\/revisions\/4619"}],"wp:attachment":[{"href":"https:\/\/muellerkitchen.es\/es\/wp-json\/wp\/v2\/media?parent=3"}],"curies":[{"name":"wp","href":"https:\/\/api.w.org\/{rel}","templated":true}]}}