{"id":3220,"date":"2024-02-28T10:23:56","date_gmt":"2024-02-28T10:23:56","guid":{"rendered":"https:\/\/muellerkitchen.es\/?page_id=3220"},"modified":"2024-03-25T13:13:38","modified_gmt":"2024-03-25T13:13:38","slug":"global-presence","status":"publish","type":"page","link":"https:\/\/muellerkitchen.es\/es\/global-presence\/","title":{"rendered":"Presencia Global"},"content":{"rendered":"<div data-elementor-type=\"wp-page\" data-elementor-id=\"3220\" class=\"elementor elementor-3220\">\n\t\t\t\t<div class=\"elementor-element elementor-element-7def9c8 e-flex e-con-boxed e-con e-parent\" data-id=\"7def9c8\" data-element_type=\"container\">\n\t\t\t\t\t<div class=\"e-con-inner\">\n\t\t\t\t<div class=\"elementor-element elementor-element-b3358f8 elementor-widget elementor-widget-heading\" data-id=\"b3358f8\" data-element_type=\"widget\" data-widget_type=\"heading.default\">\n\t\t\t\t<div class=\"elementor-widget-container\">\n\t\t\t\t\t<h1 class=\"elementor-heading-title elementor-size-default\">PRESENCIA GLOBAL<\/h1>\t\t\t\t<\/div>\n\t\t\t\t<\/div>\n\t\t\t\t<div class=\"elementor-element elementor-element-753c2a5 elementor-widget elementor-widget-shortcode\" data-id=\"753c2a5\" data-element_type=\"widget\" data-widget_type=\"shortcode.default\">\n\t\t\t\t<div class=\"elementor-widget-container\">\n\t\t\t\t\t\t\t<div class=\"elementor-shortcode\"><div class=\"map_wrapper\" id=\"map_wrapper_2970\">\n<div class=\"map_box\" style=\"max-width:2000px\">\n<div class=\"map_aspect_ratio\" style=\"padding-top:56%\" data-padding-top=\"56%\" data-padding-top-mobile=\"56%\">\n<div class=\"map_container\">\n<div class=\"map_render map_loading\" id=\"map_2970\"><\/div>\n<\/div>\n<\/div>\n<\/div>\n<\/div><\/div>\n\t\t\t\t\t\t<\/div>\n\t\t\t\t<\/div>\n\t\t\t\t\t<\/div>\n\t\t\t\t<\/div>\n\t\t<div class=\"elementor-element elementor-element-88f8fdc e-flex e-con-boxed e-con e-parent\" data-id=\"88f8fdc\" data-element_type=\"container\">\n\t\t\t\t\t<div class=\"e-con-inner\">\n\t\t\t\t<div class=\"elementor-element elementor-element-438f6fb elementor-widget elementor-widget-text-editor\" data-id=\"438f6fb\" data-element_type=\"widget\" data-widget_type=\"text-editor.default\">\n\t\t\t\t<div class=\"elementor-widget-container\">\n\t\t\t\t\t\t\t\t\t<p>M\u00fcller Kitchen es una marca l\u00edder de utensilios de cocina y electrodom\u00e9sticos con la misi\u00f3n de proporcionar productos de alta calidad que hacen que la cocina sea agradable, f\u00e1cil y accesible para personas de todo el mundo. Entendemos que la comida es un lenguaje universal que une a las personas, independientemente de sus diferencias culturales o geogr\u00e1ficas, y estamos dedicados a servir a los clientes a nivel mundial con productos que atienden a diversas tradiciones culinarias y estilos de vida.<\/p><p>Nuestra presencia global es de suma importancia para nosotros, ya que nos esforzamos por ofrecer una amplia gama de utensilios de cocina y electrodom\u00e9sticos de cocina que satisfaga las necesidades de diferentes estilos de cocina, cocinas y preferencias diet\u00e9ticas. Tanto si eres un chef profesional, un cocinero casero o un entusiasta de la cocina, queremos ser tu fuente de utensilios de cocina que inspiren creatividad, innovaci\u00f3n y alegr\u00eda en la cocina. En M\u00fcller Kitchen, estamos orgullosos de ser una marca global que conecta a las personas a trav\u00e9s de los alimentos, y esperamos poder servirle en cualquier parte del mundo:<\/p><ul><li><strong>Internacional<\/strong>:\u00a0<a href=\"http:\/\/www.muellerkitchen.de\/\">M\u00fcller Kitchen<\/a><\/li><li><strong>Europa (Oficinas corporativas)<\/strong>:\u00a0<a href=\"https:\/\/muellerkitchen.es\/es\/\" target=\"_blank\" rel=\"noopener\">M\u00fcller Kitchen Espa\u00f1a<\/a><strong>\u00a0<\/strong><\/li><li><strong>Am\u00e9rica del Norte<\/strong>:\u00a0<a href=\"http:\/\/muellerkitchen.es\/es\/\" target=\"_blank\" rel=\"noopener\">M\u00fcller Kitchen USA<\/a><\/li><li><strong>Regi\u00f3n del Golfo \u00c1rabe (CCG)<\/strong>:\u00a0<a href=\"http:\/\/www.muellerkitchen-sa.com\/\" target=\"_blank\" rel=\"noopener\">M\u00fcller Kitchen Arabia Saudita<\/a><\/li><li><strong>Regi\u00f3n MENA<\/strong>:\u00a0<a href=\"http:\/\/www.muellerkitchen-lb.com\/\" target=\"_blank\" rel=\"noopener\">M\u00fcller Kitchen L\u00edbano<\/a><\/li><\/ul>\t\t\t\t\t\t\t\t<\/div>\n\t\t\t\t<\/div>\n\t\t\t\t\t<\/div>\n\t\t\t\t<\/div>\n\t\t\t\t<\/div>","protected":false},"excerpt":{"rendered":"<p>GLOBAL PRESENCE M\u00fcller Kitchen is a leading cookware &amp; kitchen appliances brand with a mission to provide high-quality products that makes cooking enjoyable, effortless, and accessible for people all around&#8230;<\/p>","protected":false},"author":1,"featured_media":0,"parent":0,"menu_order":0,"comment_status":"closed","ping_status":"closed","template":"","meta":{"postBodyCss":"","postBodyMargin":[],"postBodyPadding":[],"postBodyBackground":{"backgroundType":"classic","gradient":""},"footnotes":""},"_links":{"self":[{"href":"https:\/\/muellerkitchen.es\/es\/wp-json\/wp\/v2\/pages\/3220"}],"collection":[{"href":"https:\/\/muellerkitchen.es\/es\/wp-json\/wp\/v2\/pages"}],"about":[{"href":"https:\/\/muellerkitchen.es\/es\/wp-json\/wp\/v2\/types\/page"}],"author":[{"embeddable":true,"href":"https:\/\/muellerkitchen.es\/es\/wp-json\/wp\/v2\/users\/1"}],"replies":[{"embeddable":true,"href":"https:\/\/muellerkitchen.es\/es\/wp-json\/wp\/v2\/comments?post=3220"}],"version-history":[{"count":22,"href":"https:\/\/muellerkitchen.es\/es\/wp-json\/wp\/v2\/pages\/3220\/revisions"}],"predecessor-version":[{"id":3774,"href":"https:\/\/muellerkitchen.es\/es\/wp-json\/wp\/v2\/pages\/3220\/revisions\/3774"}],"wp:attachment":[{"href":"https:\/\/muellerkitchen.es\/es\/wp-json\/wp\/v2\/media?parent=3220"}],"curies":[{"name":"wp","href":"https:\/\/api.w.org\/{rel}","templated":true}]}}