{"id":2829,"date":"2024-02-03T20:59:53","date_gmt":"2024-02-03T20:59:53","guid":{"rendered":"https:\/\/muellerkitchen.es\/index.php\/product\/glass-blender-1-5l-600w\/"},"modified":"2025-12-10T12:52:49","modified_gmt":"2025-12-10T12:52:49","slug":"glass-blender-1-5l-600w","status":"publish","type":"product","link":"https:\/\/muellerkitchen.es\/es\/producto\/glass-blender-1-5l-600w\/","title":{"rendered":"Batidora de Vaso 1,5L \u2013 600W"},"content":{"rendered":"<ul>\n<li class=\"a-spacing-mini\"><span class=\"a-list-item\">Potente rendimiento: Equipada con un robusto motor de 600W, esta licuadora aborda sin esfuerzo una amplia gama de ingredientes, asegurando resultados suaves y consistentes cada vez.<\/span><\/li>\n<li class=\"a-spacing-mini\"><span class=\"a-list-item\">Trituraci\u00f3n vers\u00e1til: Tritura hielo con facilidad, d\u00e1ndole la libertad de hacer bebidas refrescantes y c\u00f3cteles. Tambi\u00e9n es perfecto para mezclar frutas congeladas y hacer batidos cremosos.<\/span><\/li>\n<li class=\"a-spacing-mini\"><span class=\"a-list-item\">Elegante carcasa de acero inoxidable: El elegante exterior de acero inoxidable no solo a\u00f1ade un toque de sofisticaci\u00f3n a su cocina, sino que tambi\u00e9n garantiza durabilidad y rendimiento duradero.<\/span><\/li>\n<li class=\"a-spacing-mini\"><span class=\"a-list-item\">Frasco de vidrio generoso de 1.5L: El frasco de vidrio de 1.5 litros es perfecto para hacer grandes lotes de sus bebidas y sopas favoritas, lo que le permite atender a familiares e invitados.<\/span><\/li>\n<li class=\"a-spacing-mini\"><span class=\"a-list-item\">Licuadora multiusos: Desde frutas y verduras hasta alimentos secos, esta licuadora est\u00e1 dise\u00f1ada para manejar una variedad de ingredientes, lo que la convierte en su vers\u00e1til compa\u00f1era de cocina.<\/span><\/li>\n<\/ul>\n<p><iframe title=\"YouTube video player\" src=\"https:\/\/www.youtube.com\/embed\/P8vRTu47yVw\" width=\"320\" height=\"560\" frameborder=\"0\" allowfullscreen=\"allowfullscreen\"><\/iframe><\/p>","protected":false},"excerpt":{"rendered":"<p class=\"p1\">La batidora de Muller Kitchen es ideal para triturar todo tipo de alimentos con una potencia de 600W. Moler todas las mezclas de frutas y verduras, carne picada y alimentos secos de molienda.<\/p>\n<ul class=\"ul1\">\n<li class=\"li1\">Carcasa de acero inoxidable INOX<\/li>\n<li class=\"li1\">Tarro de vidrio de 1,5L<\/li>\n<li class=\"li1\">2 velocidades con Pulse Funcionalidad<\/li>\n<li class=\"li1\">Funci\u00f3n de Trituraci\u00f3n de Hielo<\/li>\n<\/ul>","protected":false},"featured_media":3968,"comment_status":"open","ping_status":"closed","template":"","meta":{"postBodyCss":"","postBodyMargin":[],"postBodyPadding":[],"postBodyBackground":{"backgroundType":"classic","gradient":""}},"product_cat":[196,213],"product_tag":[],"_links":{"self":[{"href":"https:\/\/muellerkitchen.es\/es\/wp-json\/wp\/v2\/product\/2829"}],"collection":[{"href":"https:\/\/muellerkitchen.es\/es\/wp-json\/wp\/v2\/product"}],"about":[{"href":"https:\/\/muellerkitchen.es\/es\/wp-json\/wp\/v2\/types\/product"}],"replies":[{"embeddable":true,"href":"https:\/\/muellerkitchen.es\/es\/wp-json\/wp\/v2\/comments?post=2829"}],"wp:featuredmedia":[{"embeddable":true,"href":"https:\/\/muellerkitchen.es\/es\/wp-json\/wp\/v2\/media\/3968"}],"wp:attachment":[{"href":"https:\/\/muellerkitchen.es\/es\/wp-json\/wp\/v2\/media?parent=2829"}],"wp:term":[{"taxonomy":"product_cat","embeddable":true,"href":"https:\/\/muellerkitchen.es\/es\/wp-json\/wp\/v2\/product_cat?post=2829"},{"taxonomy":"product_tag","embeddable":true,"href":"https:\/\/muellerkitchen.es\/es\/wp-json\/wp\/v2\/product_tag?post=2829"}],"curies":[{"name":"wp","href":"https:\/\/api.w.org\/{rel}","templated":true}]}}