{"id":2830,"date":"2024-02-03T20:59:53","date_gmt":"2024-02-03T20:59:53","guid":{"rendered":"https:\/\/muellerkitchen.es\/index.php\/product\/sports-blender-350w\/"},"modified":"2025-12-10T12:52:50","modified_gmt":"2025-12-10T12:52:50","slug":"sports-blender-350w","status":"publish","type":"product","link":"https:\/\/muellerkitchen.es\/es\/producto\/sports-blender-350w\/","title":{"rendered":"Batidora deportiva - 350W"},"content":{"rendered":"<ul>\n<li><strong>Multifunci\u00f3n<\/strong>: La licuadora tiene un potente motor de 350W. Para triturar y mezclar f\u00e1cilmente frutas y verduras para hacer batidos saludables y deliciosos u otras bebidas frescas de su elecci\u00f3n<\/li>\n<li><strong>Mezclar y beber de inmediato<\/strong>: llena frutas o verduras, leche o yogur en la licuadora. Con la operaci\u00f3n de un solo toque tendr\u00e1s una bebida saludable y deliciosa en cuesti\u00f3n de segundos<\/li>\n<li><strong>Cuchillas de acero inoxidable INOX:<\/strong> La hoja de acero inoxidable tiene 4 cuchillas afiladas, el bloque de cuchillas se puede quitar y limpiar f\u00e1cilmente bajo el grifo<\/li>\n<li><strong>2 botellas sin BPA<\/strong>: la licuadora incluye dos botellas, 600ml y 350ml. Es pr\u00e1ctico para peque\u00f1os impulsos de energ\u00eda en el deporte, el tiempo libre o tambi\u00e9n en la oficina, especialmente f\u00e1cil de limpiar y cierra firmemente. Con las botellas libres de BPA, puede beber f\u00e1cilmente de las botellas sin preocuparse por su salud<\/li>\n<li><strong>Seguridad<\/strong>: la licuadora tiene pies antideslizantes y una funci\u00f3n de seguridad, se mantiene estable y seguro en la superficie de trabajo, solo funciona si el recipiente de mezcla est\u00e1 bloqueado de forma segura<\/li>\n<\/ul>","protected":false},"excerpt":{"rendered":"<ul>\n<li>350W Motor<\/li>\n<li>Frascos Para Licuadora de 600ml y 350ml<\/li>\n<li>Hoja de Acero Inoxidable INOX<\/li>\n<li>Frasco de Licuadora Port\u00e1til Convenientemente Dise\u00f1ado<\/li>\n<\/ul>","protected":false},"featured_media":3975,"comment_status":"open","ping_status":"closed","template":"","meta":{"postBodyCss":"","postBodyMargin":[],"postBodyPadding":[],"postBodyBackground":{"backgroundType":"classic","gradient":""}},"product_cat":[196,213],"product_tag":[],"_links":{"self":[{"href":"https:\/\/muellerkitchen.es\/es\/wp-json\/wp\/v2\/product\/2830"}],"collection":[{"href":"https:\/\/muellerkitchen.es\/es\/wp-json\/wp\/v2\/product"}],"about":[{"href":"https:\/\/muellerkitchen.es\/es\/wp-json\/wp\/v2\/types\/product"}],"replies":[{"embeddable":true,"href":"https:\/\/muellerkitchen.es\/es\/wp-json\/wp\/v2\/comments?post=2830"}],"wp:featuredmedia":[{"embeddable":true,"href":"https:\/\/muellerkitchen.es\/es\/wp-json\/wp\/v2\/media\/3975"}],"wp:attachment":[{"href":"https:\/\/muellerkitchen.es\/es\/wp-json\/wp\/v2\/media?parent=2830"}],"wp:term":[{"taxonomy":"product_cat","embeddable":true,"href":"https:\/\/muellerkitchen.es\/es\/wp-json\/wp\/v2\/product_cat?post=2830"},{"taxonomy":"product_tag","embeddable":true,"href":"https:\/\/muellerkitchen.es\/es\/wp-json\/wp\/v2\/product_tag?post=2830"}],"curies":[{"name":"wp","href":"https:\/\/api.w.org\/{rel}","templated":true}]}}