{"id":2838,"date":"2024-02-03T20:59:53","date_gmt":"2024-02-03T20:59:53","guid":{"rendered":"https:\/\/muellerkitchen.es\/index.php\/product\/7l-stand-mixer-1300w\/"},"modified":"2025-12-10T12:52:53","modified_gmt":"2025-12-10T12:52:53","slug":"7l-stand-mixer-1300w","status":"publish","type":"product","link":"https:\/\/muellerkitchen.es\/es\/producto\/7l-stand-mixer-1300w\/","title":{"rendered":"Robot de Cocina 7L - 1300W"},"content":{"rendered":"<p><strong>M\u00e1quina de cocina multifuncional elegante:<\/strong> con el potente motor de 1300W se puede amasar f\u00e1cilmente todo tipo de masa. Golpear huevos, crema y otras cosas como un profesional. Trabajar en la cocina es muy divertido con esta m\u00e1quina. Todas las piezas se pueden lavar en el lavavajillas<\/p>\n<p><strong>8 Niveles de Velocidad:<\/strong> Este elegante mezclador tiene 8 niveles. Puede procesar sin esfuerzo cualquier cosa, desde helado tierno hasta crema e incluso masa de levadura pesada. Tapa contra salpicaduras para mantener su encimera limpia.<\/p>\n<p><strong>Gran cantidad f\u00e1cil de procesar:<\/strong> gracias al bol de acero inoxidable de 7L no es un problema procesar grandes cantidades de masa y, debido al dise\u00f1o bien pensado, peque\u00f1as cantidades tambi\u00e9n se pueden mezclar muy bien<\/p>\n<p><strong>Seguro para los ni\u00f1os y f\u00e1cil de usar:<\/strong> el mezclador del soporte tiene una cerradura del ni\u00f1o para evitar que los ni\u00f1os manipulen con la m\u00e1quina. Para desbloquearlo,  fije el taz\u00f3n firmemente, cierre el brazo de palanca hacia abajo, presione el bot\u00f3n giratorio ligeramente hacia adentro y gire en el sentido de las agujas del reloj. Si la l\u00e1mpara se ilumina constantemente, la m\u00e1quina puede arrancar.<\/p>\n<p><b>Accesorios<\/b><strong>:<\/strong> Con su nuevo mezclador recibir\u00e1 un batidor, un gancho de amasado, un gancho de mezcla y una cubierta contra el polvo. La amasadora tiene 6 pies de goma que garantizan un soporte seguro en su superficie de trabajo<\/p>\n<p><iframe title=\"YouTube video player\" src=\"https:\/\/www.youtube.com\/embed\/IWKOGeFs6oM\" width=\"320\" height=\"560\" frameborder=\"0\" allowfullscreen=\"allowfullscreen\"><\/iframe><\/p>","protected":false},"excerpt":{"rendered":"<ul>\n<li>Cuenco de INOX 7L<\/li>\n<li>Accesorios de Aluminio<\/li>\n<li>8 Velocidades de Control Ajustable<\/li>\n<li>Protecci\u00f3n Contra Sobrecarga<\/li>\n<li>Seguro Para Ni\u00f1os<\/li>\n<\/ul>","protected":false},"featured_media":3960,"comment_status":"open","ping_status":"closed","template":"","meta":{"postBodyCss":"","postBodyMargin":[],"postBodyPadding":[],"postBodyBackground":{"backgroundType":"classic","gradient":""}},"product_cat":[213,198],"product_tag":[],"_links":{"self":[{"href":"https:\/\/muellerkitchen.es\/es\/wp-json\/wp\/v2\/product\/2838"}],"collection":[{"href":"https:\/\/muellerkitchen.es\/es\/wp-json\/wp\/v2\/product"}],"about":[{"href":"https:\/\/muellerkitchen.es\/es\/wp-json\/wp\/v2\/types\/product"}],"replies":[{"embeddable":true,"href":"https:\/\/muellerkitchen.es\/es\/wp-json\/wp\/v2\/comments?post=2838"}],"wp:featuredmedia":[{"embeddable":true,"href":"https:\/\/muellerkitchen.es\/es\/wp-json\/wp\/v2\/media\/3960"}],"wp:attachment":[{"href":"https:\/\/muellerkitchen.es\/es\/wp-json\/wp\/v2\/media?parent=2838"}],"wp:term":[{"taxonomy":"product_cat","embeddable":true,"href":"https:\/\/muellerkitchen.es\/es\/wp-json\/wp\/v2\/product_cat?post=2838"},{"taxonomy":"product_tag","embeddable":true,"href":"https:\/\/muellerkitchen.es\/es\/wp-json\/wp\/v2\/product_tag?post=2838"}],"curies":[{"name":"wp","href":"https:\/\/api.w.org\/{rel}","templated":true}]}}