{"id":2839,"date":"2024-02-03T20:59:53","date_gmt":"2024-02-03T20:59:53","guid":{"rendered":"https:\/\/muellerkitchen.es\/index.php\/product\/10l-die-cast-aluminum-stand-mixer-1500w\/"},"modified":"2025-12-10T12:52:53","modified_gmt":"2025-12-10T12:52:53","slug":"10l-die-cast-aluminum-stand-mixer-1500w","status":"publish","type":"product","link":"https:\/\/muellerkitchen.es\/es\/producto\/10l-die-cast-aluminum-stand-mixer-1500w\/","title":{"rendered":"Mezclador de Soporte de Aluminio Fundido a Presi\u00f3n de 10L - 1500W"},"content":{"rendered":"<ul>\n<li><b>Potente motor de 6 velocidades 1500 W + PULSE:<\/b> Motor de cobre puro de 1500W de alto rendimiento para garantizar una larga vida \u00fatil. El motor de 6 velocidades, con la funcionalidad de pulso, le permite ajustar la velocidad de la mesa de mezclas a un nivel necesario para lograr la mezcla \u00f3ptima y correcta de los componentes. Puede ajustar la velocidad seg\u00fan sus necesidades<\/li>\n<li>\u00a0<b>Ahorro de tiempo: <\/b>\u00a0El mezclador de pie tiene una pantalla LCD en la que el tiempo y la velocidad se muestra exactamente, tambi\u00e9n tiene una funcionalidad de temporizador para evitar el amasado\/ mezcla\/ gui\u00f1o. La tapa a prueba de salpicaduras evita las salpicaduras de agua y mantiene la encimera siempre limpia. Su boquilla permite agregar suavemente los ingredientes durante la mezcla<\/li>\n<li>\u00a0<b>Gran capacidad de 10 litros: <\/b>El taz\u00f3n grande de 10 L asegura que puede mezclar lo suficiente para hornear para toda la familia. La protecci\u00f3n contra salpicaduras ayuda a prevenir derrames desordenados, goteos y fugas hacen que la limpieza sea f\u00e1cil. El taz\u00f3n tambi\u00e9n es apto para lavavajillas<\/li>\n<li><b>Dise\u00f1o a prueba de inclinaci\u00f3n y deslizamiento:<\/b> El cabezal basculante est\u00e1 dise\u00f1ado para a\u00f1adir ingredientes y se instala r\u00e1pidamente en cambios o instalaciones. Las ventosas de silicona antideslizantes mantienen el mezclador estable cuando se trabaja<\/li>\n<li>\u00a0<b>3 accesorios desmontables y velocidades ajustables: <\/b>Los 3 cabezales mezcladores son extra\u00edbles y f\u00e1ciles de limpiar. 1 ~ 2 niveles, use gancho de amasado para mezclas pesadas (por ejemplo, pan o masa partida); 3 ~ 4 niveles, use batidor para mezclas de peso medio (por ejemplo, panqueques o masa agitada); 5 ~ 6 niveles, use para mezclas ligeras (por ejemplo, crema, claras de huevo y debajo de la esponja<\/li>\n<\/ul>","protected":false},"excerpt":{"rendered":"<ul>\n<li>Carcasa de Aluminio Fundido a Presi\u00f3n<\/li>\n<li>Taz\u00f3n de Acero Inoxidable 10L<\/li>\n<li>Accesorios de Aluminio<\/li>\n<li>6 Velocidad Con el Pulso<\/li>\n<li>Pantalla LCD con Funci\u00f3n de Temporizador<\/li>\n<li>Protecci\u00f3n Contra Sobrecargas y Bloqueo Infantil<\/li>\n<\/ul>","protected":false},"featured_media":3952,"comment_status":"open","ping_status":"closed","template":"","meta":{"postBodyCss":"","postBodyMargin":[],"postBodyPadding":[],"postBodyBackground":{"backgroundType":"classic","gradient":""}},"product_cat":[213,198],"product_tag":[],"_links":{"self":[{"href":"https:\/\/muellerkitchen.es\/es\/wp-json\/wp\/v2\/product\/2839"}],"collection":[{"href":"https:\/\/muellerkitchen.es\/es\/wp-json\/wp\/v2\/product"}],"about":[{"href":"https:\/\/muellerkitchen.es\/es\/wp-json\/wp\/v2\/types\/product"}],"replies":[{"embeddable":true,"href":"https:\/\/muellerkitchen.es\/es\/wp-json\/wp\/v2\/comments?post=2839"}],"wp:featuredmedia":[{"embeddable":true,"href":"https:\/\/muellerkitchen.es\/es\/wp-json\/wp\/v2\/media\/3952"}],"wp:attachment":[{"href":"https:\/\/muellerkitchen.es\/es\/wp-json\/wp\/v2\/media?parent=2839"}],"wp:term":[{"taxonomy":"product_cat","embeddable":true,"href":"https:\/\/muellerkitchen.es\/es\/wp-json\/wp\/v2\/product_cat?post=2839"},{"taxonomy":"product_tag","embeddable":true,"href":"https:\/\/muellerkitchen.es\/es\/wp-json\/wp\/v2\/product_tag?post=2839"}],"curies":[{"name":"wp","href":"https:\/\/api.w.org\/{rel}","templated":true}]}}