{"id":2845,"date":"2024-02-03T20:59:53","date_gmt":"2024-02-03T20:59:53","guid":{"rendered":"https:\/\/muellerkitchen.es\/index.php\/product\/air-fryer-7-1l-1700-w\/"},"modified":"2025-12-10T12:52:56","modified_gmt":"2025-12-10T12:52:56","slug":"air-fryer-7-1l-1700-w","status":"publish","type":"product","link":"https:\/\/muellerkitchen.es\/es\/producto\/air-fryer-7-1l-1700-w\/","title":{"rendered":"Freidora de Aire 7,1L - 1700 W"},"content":{"rendered":"<ul class=\"a-unordered-list a-vertical a-spacing-mini\">\n<li>Cesta de alimentos hecha con tecnolog\u00eda antiadherente alemana Greblon E2; Capacidad 7,1L<\/li>\n<li>F\u00e1cil de limpiar, apto para lavavajillas. Forma saludable de fre\u00edr sin aceite y 80% menos grasa<\/li>\n<li>Temporizador: hasta 60 minutos. Control de temperatura: 80-200\u00b0C<\/li>\n<li>La operaci\u00f3n simple es conveniente para cocinar cualquier alimento. Sistema de circulaci\u00f3n de aire r\u00e1pido, fre\u00edr los alimentos m\u00e1s r\u00e1pido, mientras que el ahorro de energ\u00eda<\/li>\n<li>Protecci\u00f3n contra sobrecalentamiento, pies antideslizantes, cubierta protectora para el bot\u00f3n de liberaci\u00f3n de la bandeja, manija de estancia-fresco<\/li>\n<\/ul>\n<p><iframe title=\"YouTube video player\" src=\"https:\/\/www.youtube.com\/embed\/zYkzQRb6j_w\" width=\"320\" height=\"560\" frameborder=\"0\" allowfullscreen=\"allowfullscreen\"><\/iframe><\/p>","protected":false},"excerpt":{"rendered":"<p>Freidora de aire caliente con tecnolog\u00eda con circulaci\u00f3n de aire de alta velocidad. Salida de alta potencia para cocci\u00f3n r\u00e1pida. Tecnolog\u00eda de aire de circulaci\u00f3n. 7L, 1700W . Protecci\u00f3n contra sobrecalentamiento. Con interruptor de micro seguridad. Exterior fabricado en materiales ABS de alta calidad. Almacenamiento de cables. Caj\u00f3n extra\u00edble. Cesta de alimentos con revestimiento antiadherente.<\/p>","protected":false},"featured_media":3925,"comment_status":"open","ping_status":"closed","template":"","meta":{"postBodyCss":"","postBodyMargin":[],"postBodyPadding":[],"postBodyBackground":{"backgroundType":"classic","gradient":""}},"product_cat":[202,213],"product_tag":[],"_links":{"self":[{"href":"https:\/\/muellerkitchen.es\/es\/wp-json\/wp\/v2\/product\/2845"}],"collection":[{"href":"https:\/\/muellerkitchen.es\/es\/wp-json\/wp\/v2\/product"}],"about":[{"href":"https:\/\/muellerkitchen.es\/es\/wp-json\/wp\/v2\/types\/product"}],"replies":[{"embeddable":true,"href":"https:\/\/muellerkitchen.es\/es\/wp-json\/wp\/v2\/comments?post=2845"}],"wp:featuredmedia":[{"embeddable":true,"href":"https:\/\/muellerkitchen.es\/es\/wp-json\/wp\/v2\/media\/3925"}],"wp:attachment":[{"href":"https:\/\/muellerkitchen.es\/es\/wp-json\/wp\/v2\/media?parent=2845"}],"wp:term":[{"taxonomy":"product_cat","embeddable":true,"href":"https:\/\/muellerkitchen.es\/es\/wp-json\/wp\/v2\/product_cat?post=2845"},{"taxonomy":"product_tag","embeddable":true,"href":"https:\/\/muellerkitchen.es\/es\/wp-json\/wp\/v2\/product_tag?post=2845"}],"curies":[{"name":"wp","href":"https:\/\/api.w.org\/{rel}","templated":true}]}}