{"id":2855,"date":"2024-02-03T20:59:54","date_gmt":"2024-02-03T20:59:54","guid":{"rendered":"https:\/\/muellerkitchen.es\/index.php\/product\/die-cast-aluminum-casserole-20cm-everyday-series\/"},"modified":"2025-12-10T12:53:08","modified_gmt":"2025-12-10T12:53:08","slug":"die-cast-aluminum-casserole-20cm-everyday-series","status":"publish","type":"product","link":"https:\/\/muellerkitchen.es\/es\/producto\/die-cast-aluminum-casserole-20cm-everyday-series\/","title":{"rendered":"Cacerola de aluminio fundido a presi\u00f3n - Varios tama\u00f1os | Serie Diaria"},"content":{"rendered":"<ul>\n<li><span class=\"a-list-item\">OLLA MULTIPROP\u00d3SITO: Uso multiprop\u00f3sito para cocina casera o restaurante. Ideal para fre\u00edr, hervir langosta, cangrejo, mariscos, curry, pasta, verduras o caldos y sopas a fuego lento. Se puede utilizar como una olla de sopa, cazuela, freidora, olla, sart\u00e9n y sart\u00e9n<\/span><\/li>\n<li><span class=\"a-list-item\">MAT\u00c9RIAU DE HAUTE QUALIT\u00c9\u00a0: Le corps en aluminium moul\u00e9 sous pression ext\u00e9rieur qui assure une distribution de chaleur rapide et uniforme, une \u00e9paisseur de 4,5 mm fournit une distribution de chaleur stable pendant la cuisson, chauffe rapidement, \u00e9conomise du temps et de l\u2019\u00e9nergie, tout en offrant une dur\u00e9e de vie prolong\u00e9e. Le poids corporel appropri\u00e9 et la conductivit\u00e9 thermique peuvent assurer une dissipation uniforme de la chaleur et pr\u00e9venir les points chauds<\/span><\/li>\n<li><span class=\"a-list-item\">REV\u00caTEMENT ALLEMAND ANTIADH\u00c9SIF SAIN\u00a0: L\u2019int\u00e9rieur est recouvert d\u2019un rev\u00eatement en marbre renforc\u00e9 de c\u00e9ramique GREBLON C3+ antiadh\u00e9sif haute performance qui rend la casserole facile \u00e0 cuisiner et \u00e0 nettoyer. Cuisiner avec peu d\u2019huile pour une alimentation saine, tout en vous reposant, assurez-vous que vos ustensiles de cuisine sont exempts d\u2019APFO, de plomb et de cadmium. Allant au four jusqu\u2019\u00e0 220C \/ 430F<\/span><\/li>\n<li><span class=\"a-list-item\">POIGN\u00c9E AMOVIBLE &amp; VERRE VISIBLE\u00a0: Poign\u00e9es en silicone facilement amovibles qui peuvent \u00eatre attach\u00e9es lorsque vous soulevez ou appauvrissez du pot pour \u00e9viter toute blessure li\u00e9e \u00e0 la temp\u00e9rature \u00e9lev\u00e9e. Le couvercle en verre r\u00e9sistant \u00e0 haute temp\u00e9rature peut montrer la nourriture directement, vous pouvez observer l\u2019\u00e9tat de la nourriture \u00e0 tout moment, qui apporte une grande commodit\u00e9 \u00e0 la cuisson.L\u2019\u00e9vent de vapeur sur le couvercle est plus propice \u00e0 la circulation de la chaleur et de l\u2019humidit\u00e9 tout en abordant le probl\u00e8me de cliquetis bouillant sur \/ couvercle<\/span><\/li>\n<li><span class=\"a-list-item\">BASE DE INDUCCI\u00d3N SUPERIOR: Conduce el calor de forma r\u00e1pida y uniforme, retiene el calor durante m\u00e1s tiempo, ahorra energ\u00eda y tiempo, lo que permite colocarlo uniformemente sobre la fuente de calor. Adecuado para su uso en: cocinas de inducci\u00f3n, gas, cer\u00e1mica, el\u00e9ctricas y hal\u00f3genas.<\/span><\/li>\n<\/ul>\n<p><iframe title=\"YouTube video player\" src=\"https:\/\/www.youtube.com\/embed\/KqrjcX8Zp6s\" width=\"320\" height=\"560\" frameborder=\"0\" allowfullscreen=\"allowfullscreen\"><\/iframe><\/p>","protected":false},"excerpt":{"rendered":"<ul>\n<li>Cacerola multifuncional<\/li>\n<li>Material de aluminio fundido a presi\u00f3n de alta calidad<\/li>\n<li>Revestimiento antiadherente de m\u00e1rmol alem\u00e1n saludable<\/li>\n<li>Accesorios de silicona de tacto suave Manijas y tapas de acero inoxidable<\/li>\n<li>Base de inducci\u00f3n superior<\/li>\n<\/ul>","protected":false},"featured_media":4089,"comment_status":"open","ping_status":"closed","template":"","meta":{"postBodyCss":"","postBodyMargin":[],"postBodyPadding":[],"postBodyBackground":{"backgroundType":"classic","gradient":""}},"product_cat":[214,207],"product_tag":[],"_links":{"self":[{"href":"https:\/\/muellerkitchen.es\/es\/wp-json\/wp\/v2\/product\/2855"}],"collection":[{"href":"https:\/\/muellerkitchen.es\/es\/wp-json\/wp\/v2\/product"}],"about":[{"href":"https:\/\/muellerkitchen.es\/es\/wp-json\/wp\/v2\/types\/product"}],"replies":[{"embeddable":true,"href":"https:\/\/muellerkitchen.es\/es\/wp-json\/wp\/v2\/comments?post=2855"}],"wp:featuredmedia":[{"embeddable":true,"href":"https:\/\/muellerkitchen.es\/es\/wp-json\/wp\/v2\/media\/4089"}],"wp:attachment":[{"href":"https:\/\/muellerkitchen.es\/es\/wp-json\/wp\/v2\/media?parent=2855"}],"wp:term":[{"taxonomy":"product_cat","embeddable":true,"href":"https:\/\/muellerkitchen.es\/es\/wp-json\/wp\/v2\/product_cat?post=2855"},{"taxonomy":"product_tag","embeddable":true,"href":"https:\/\/muellerkitchen.es\/es\/wp-json\/wp\/v2\/product_tag?post=2855"}],"curies":[{"name":"wp","href":"https:\/\/api.w.org\/{rel}","templated":true}]}}