{"id":2862,"date":"2024-02-03T20:59:54","date_gmt":"2024-02-03T20:59:54","guid":{"rendered":"https:\/\/muellerkitchen.es\/index.php\/product\/die-cast-aluminum-double-grill-pan-32cm-everyday-series\/"},"modified":"2025-12-10T12:52:58","modified_gmt":"2025-12-10T12:52:58","slug":"die-cast-aluminum-double-grill-pan-32cm-everyday-series","status":"publish","type":"product","link":"https:\/\/muellerkitchen.es\/es\/producto\/die-cast-aluminum-double-grill-pan-32cm-everyday-series\/","title":{"rendered":"Molde de doble parrilla de aluminio fundido a presi\u00f3n - 32cm | Serie Diaria"},"content":{"rendered":"<ul>\n<li><span class=\"a-list-item\">SELLO DE GOMA DE SILICONA Y MECANISMO DE BLOQUEO MAGN\u00c9TICO: crea presi\u00f3n para mantener sus alimentos sellados para tiempos de cocci\u00f3n m\u00e1s r\u00e1pidos. Menos olor, salpicaduras, goteo y humo al fre\u00edr o saltear.<\/span><\/li>\n<li><span class=\"a-list-item\">USO: Perfecto para tortillas, papas al horno, verduras asadas a fuego lento, bistec, pescado, fajitas, tocino, frittatas y m\u00e1s. Perfecto para el hogar, al aire libre, fiesta, barbacoa<\/span><\/li>\n<li><span class=\"a-list-item\">MAT\u00c9RIAU DE HAUTE QUALIT\u00c9\u00a0: Le corps en aluminium moul\u00e9 sous pression ext\u00e9rieur qui assure une distribution de chaleur rapide et uniforme, une \u00e9paisseur de 4,5 mm fournit une distribution de chaleur stable pendant la cuisson, chauffe rapidement, \u00e9conomise du temps et de l\u2019\u00e9nergie, tout en offrant une dur\u00e9e de vie prolong\u00e9e. Le poids corporel appropri\u00e9 et la conductivit\u00e9 thermique peuvent assurer une dissipation uniforme de la chaleur et pr\u00e9venir les points chauds<\/span><\/li>\n<li><span class=\"a-list-item\">REVESTIMIENTO ALEM\u00c1N ANTIADHERENTE SALUDABLE: El interior est\u00e1 recubierto por un revestimiento de m\u00e1rmol reforzado con cer\u00e1mica antiadherente GREBLON C3+ de alto rendimiento que hace que la olla sea f\u00e1cil de cocinar y limpiar. Cocinar con poco aceite para una dieta saludable, mientras descansa, aseg\u00farese de que sus utensilios de cocina est\u00e9n libres de PFOA, plomo y cadmio<\/span><\/li>\n<li><span class=\"a-list-item\">BASE DE INDUCCI\u00d3N SUPERIOR Y LAVAVAJILLAS SEGURO: Conduce el calor de forma r\u00e1pida y uniforme, retiene el calor durante m\u00e1s tiempo, ahorra energ\u00eda y tiempo, lo que permite colocarlo uniformemente sobre la fuente de calor. Adecuado para su uso en: cocinas de inducci\u00f3n, gas, cer\u00e1mica, el\u00e9ctricas y hal\u00f3genas. Adem\u00e1s, esta bandeja es apta para el lavavajillas para una limpieza f\u00e1cil y conveniente, al tiempo que ahorra tiempo y energ\u00eda<\/span><\/li>\n<\/ul>\n<p>&nbsp;<\/p>","protected":false},"excerpt":{"rendered":"<ul>\n<li>Mecanismo de bloqueo magn\u00e9tico<\/li>\n<li>Sello de goma de silicona<\/li>\n<li>Material de aluminio fundido a presi\u00f3n de alta calidad<\/li>\n<li>Revestimiento de m\u00e1rmol alem\u00e1n antiadherente saludable<\/li>\n<li>Base de inducci\u00f3n superior<\/li>\n<\/ul>","protected":false},"featured_media":4111,"comment_status":"open","ping_status":"closed","template":"","meta":{"postBodyCss":"","postBodyMargin":[],"postBodyPadding":[],"postBodyBackground":{"backgroundType":"classic","gradient":""}},"product_cat":[214,208],"product_tag":[],"_links":{"self":[{"href":"https:\/\/muellerkitchen.es\/es\/wp-json\/wp\/v2\/product\/2862"}],"collection":[{"href":"https:\/\/muellerkitchen.es\/es\/wp-json\/wp\/v2\/product"}],"about":[{"href":"https:\/\/muellerkitchen.es\/es\/wp-json\/wp\/v2\/types\/product"}],"replies":[{"embeddable":true,"href":"https:\/\/muellerkitchen.es\/es\/wp-json\/wp\/v2\/comments?post=2862"}],"wp:featuredmedia":[{"embeddable":true,"href":"https:\/\/muellerkitchen.es\/es\/wp-json\/wp\/v2\/media\/4111"}],"wp:attachment":[{"href":"https:\/\/muellerkitchen.es\/es\/wp-json\/wp\/v2\/media?parent=2862"}],"wp:term":[{"taxonomy":"product_cat","embeddable":true,"href":"https:\/\/muellerkitchen.es\/es\/wp-json\/wp\/v2\/product_cat?post=2862"},{"taxonomy":"product_tag","embeddable":true,"href":"https:\/\/muellerkitchen.es\/es\/wp-json\/wp\/v2\/product_tag?post=2862"}],"curies":[{"name":"wp","href":"https:\/\/api.w.org\/{rel}","templated":true}]}}