{"id":2866,"date":"2024-02-03T20:59:54","date_gmt":"2024-02-03T20:59:54","guid":{"rendered":"https:\/\/muellerkitchen.es\/index.php\/product\/die-cast-aluminum-deep-fryer-26cm-55l\/"},"modified":"2025-12-10T12:52:58","modified_gmt":"2025-12-10T12:52:58","slug":"die-cast-aluminum-deep-fryer-26cm-55l","status":"publish","type":"product","link":"https:\/\/muellerkitchen.es\/es\/producto\/die-cast-aluminum-deep-fryer-26cm-55l\/","title":{"rendered":"Olla de aluminio fundido a presi\u00f3n con cesta de fritura - 26cm\/ 5,5L"},"content":{"rendered":"<ul>\n<li><span class=\"a-list-item\">26cm OLLA MULTIPROP\u00d3SITO: Uso multiprop\u00f3sito para cocina o restaurante en casa. Ideal para fre\u00edr, hervir langosta, cangrejo, mariscos, curry, pasta, verduras o caldos y sopas a fuego lento. Se puede utilizar como una olla de sopa, cazuela, freidora, olla, sart\u00e9n y sart\u00e9n<\/span><\/li>\n<li><span class=\"a-list-item\">MATERIAL ALTO QULAITY: El cuerpo exterior de aluminio fundido a presi\u00f3n que garantiza una distribuci\u00f3n de calor r\u00e1pida y uniforme, un espesor de 4,5 mm proporciona una distribuci\u00f3n de calor estable durante la cocci\u00f3n, se calienta r\u00e1pidamente, ahorra tiempo y energ\u00eda, al tiempo que proporciona una vida \u00fatil prolongada. El peso corporal adecuado y la conductividad t\u00e9rmica pueden garantizar una disipaci\u00f3n de calor uniforme y prevenir los puntos calientes<\/span><\/li>\n<li><span class=\"a-list-item\">REVESTIMIENTO ALEM\u00c1N ANTIADHERENTE SALUDABLE: El interior est\u00e1 recubierto por un revestimiento de m\u00e1rmol reforzado con cer\u00e1mica antiadherente GREBLON C3+ de alto rendimiento que hace que la olla sea f\u00e1cil de cocinar y limpiar. Cocinar con poco aceite para una dieta saludable, mientras descansa, asegure que sus utensilios de cocina est\u00e9n libres de PFOA, plomo y cadmio. Caja fuerte hasta 220C\/430F (sin tapa)<\/span><\/li>\n<li><span class=\"a-list-item\">POIGN\u00c9E AMOVIBLE &amp; VERRE VISIBLE\u00a0: Poign\u00e9es en silicone facilement amovibles qui peuvent \u00eatre attach\u00e9es lorsque vous soulevez ou appauvrissez du pot pour \u00e9viter toute blessure li\u00e9e \u00e0 la temp\u00e9rature \u00e9lev\u00e9e. Le couvercle en verre r\u00e9sistant \u00e0 haute temp\u00e9rature peut montrer la nourriture directement, vous pouvez observer l\u2019\u00e9tat de la nourriture \u00e0 tout moment, qui apporte une grande commodit\u00e9 \u00e0 la cuisson.L\u2019\u00e9vent de vapeur sur le couvercle est plus propice \u00e0 la circulation de la chaleur et de l\u2019humidit\u00e9 tout en abordant le probl\u00e8me de cliquetis bouillant sur \/ couvercle<\/span><\/li>\n<li><span class=\"a-list-item\">BASE DE INDUCCI\u00d3N SUPERIOR: Conduce el calor de forma r\u00e1pida y uniforme, retiene el calor durante m\u00e1s tiempo, ahorra energ\u00eda y tiempo, lo que permite colocarlo uniformemente sobre la fuente de calor. Adecuado para su uso en: cocinas de inducci\u00f3n, gas, cer\u00e1mica, el\u00e9ctricas y hal\u00f3genas.<\/span><\/li>\n<\/ul>\n<p><iframe title=\"YouTube video player\" src=\"https:\/\/www.youtube.com\/embed\/KqrjcX8Zp6s\" width=\"320\" height=\"560\" frameborder=\"0\" allowfullscreen=\"allowfullscreen\"><\/iframe><\/p>","protected":false},"excerpt":{"rendered":"<ul>\n<li>Cacerola multifuncional<\/li>\n<li>Material de aluminio fundido a presi\u00f3n de alta calidad<\/li>\n<li>Revestimiento antiadherente de m\u00e1rmol alem\u00e1n saludable<\/li>\n<li>Accesorios de silicona de tacto suave Manijas y tapas de acero inoxidable<\/li>\n<li>Base de inducci\u00f3n superior<\/li>\n<li>Conveniente cesta de frituras<\/li>\n<\/ul>","protected":false},"featured_media":4096,"comment_status":"open","ping_status":"closed","template":"","meta":{"postBodyCss":"","postBodyMargin":[],"postBodyPadding":[],"postBodyBackground":{"backgroundType":"classic","gradient":""}},"product_cat":[214,207],"product_tag":[],"_links":{"self":[{"href":"https:\/\/muellerkitchen.es\/es\/wp-json\/wp\/v2\/product\/2866"}],"collection":[{"href":"https:\/\/muellerkitchen.es\/es\/wp-json\/wp\/v2\/product"}],"about":[{"href":"https:\/\/muellerkitchen.es\/es\/wp-json\/wp\/v2\/types\/product"}],"replies":[{"embeddable":true,"href":"https:\/\/muellerkitchen.es\/es\/wp-json\/wp\/v2\/comments?post=2866"}],"wp:featuredmedia":[{"embeddable":true,"href":"https:\/\/muellerkitchen.es\/es\/wp-json\/wp\/v2\/media\/4096"}],"wp:attachment":[{"href":"https:\/\/muellerkitchen.es\/es\/wp-json\/wp\/v2\/media?parent=2866"}],"wp:term":[{"taxonomy":"product_cat","embeddable":true,"href":"https:\/\/muellerkitchen.es\/es\/wp-json\/wp\/v2\/product_cat?post=2866"},{"taxonomy":"product_tag","embeddable":true,"href":"https:\/\/muellerkitchen.es\/es\/wp-json\/wp\/v2\/product_tag?post=2866"}],"curies":[{"name":"wp","href":"https:\/\/api.w.org\/{rel}","templated":true}]}}