{"id":2867,"date":"2024-02-03T20:59:55","date_gmt":"2024-02-03T20:59:55","guid":{"rendered":"https:\/\/muellerkitchen.es\/index.php\/product\/die-cast-aluminum-oven-tray-set-283236cm-everyday-set\/"},"modified":"2025-12-10T12:52:59","modified_gmt":"2025-12-10T12:52:59","slug":"die-cast-aluminum-oven-tray-set-283236cm-everyday-set","status":"publish","type":"product","link":"https:\/\/muellerkitchen.es\/es\/producto\/die-cast-aluminum-oven-tray-set-283236cm-everyday-set\/","title":{"rendered":"Juego de bandeja de horno de aluminio fundido a presi\u00f3n - 28,32,36cm | Serie Diaria"},"content":{"rendered":"<ul>\n<li><span class=\"a-list-item\">SET DE BANDEJA DE HORNO MULTIUSO 3 PIEZAS: bandeja redonda de 28cm, bandeja redonda de 32cm, bandeja redonda de 36cm. Se puede usar en el horno o en las placas de cocina<\/span><\/li>\n<li><span class=\"a-list-item\">MATERIAL DE ALTA CALIDAD: El material de aluminio fundido a presi\u00f3n cuenta con un largo almacenamiento de calor, una vida \u00fatil extendida y, adem\u00e1s, es liviano para un manejo conveniente, mientras que tiene un espesor de base de 4.5mm que le brinda la capacidad de una distribuci\u00f3n de calor igual<\/span><\/li>\n<li><span class=\"a-list-item\">REVESTIMIENTO ALEM\u00c1N ANTIADHERENTE SALUDABLE: revestimiento antiadherente y antiadherente GREBLON C3+ de 3 capas. Soporta el uso diario y mantiene los alimentos deslizando suavemente a lo largo de la superficie, lo que hace que la limpieza de este conjunto sea muy f\u00e1cil. Este recubrimiento proporciona una cocina saludable (PFOA GRATIS, sin plomo, sin cadmio)<\/span><\/li>\n<li><span class=\"a-list-item\">BASE Y DISE\u00d1O: Base redonda dise\u00f1ada para una \u00f3ptima distribuci\u00f3n del calor. Anillos redondos de plata para un aspecto elegante y moderno en su cocina<\/span><\/li>\n<li><span class=\"a-list-item\">APTO PARA EL LAVAVAJILLAS: La superficie lisa del revestimiento antiadherente es conductora para limpiar f\u00e1cilmente con lavado a mano o correr en el lavavajillas, la limpieza es muy f\u00e1cil, apto para lavavajillas para ahorrar tiempo y mano de obra, conveniente para su vida<\/span><\/li>\n<\/ul>","protected":false},"excerpt":{"rendered":"<ul>\n<li>Juego de bandeja de horno multifuncional<\/li>\n<li>Material de aluminio fundido a presi\u00f3n de alta calidad<\/li>\n<li>Revestimiento antiadherente de m\u00e1rmol alem\u00e1n saludable<\/li>\n<li>Dise\u00f1o de base de anillo para una distribuci\u00f3n \u00f3ptima del calor<\/li>\n<li>Apto para lavavajillas<\/li>\n<\/ul>","protected":false},"featured_media":4132,"comment_status":"open","ping_status":"closed","template":"","meta":{"postBodyCss":"","postBodyMargin":[],"postBodyPadding":[],"postBodyBackground":{"backgroundType":"classic","gradient":""}},"product_cat":[214,209],"product_tag":[],"_links":{"self":[{"href":"https:\/\/muellerkitchen.es\/es\/wp-json\/wp\/v2\/product\/2867"}],"collection":[{"href":"https:\/\/muellerkitchen.es\/es\/wp-json\/wp\/v2\/product"}],"about":[{"href":"https:\/\/muellerkitchen.es\/es\/wp-json\/wp\/v2\/types\/product"}],"replies":[{"embeddable":true,"href":"https:\/\/muellerkitchen.es\/es\/wp-json\/wp\/v2\/comments?post=2867"}],"wp:featuredmedia":[{"embeddable":true,"href":"https:\/\/muellerkitchen.es\/es\/wp-json\/wp\/v2\/media\/4132"}],"wp:attachment":[{"href":"https:\/\/muellerkitchen.es\/es\/wp-json\/wp\/v2\/media?parent=2867"}],"wp:term":[{"taxonomy":"product_cat","embeddable":true,"href":"https:\/\/muellerkitchen.es\/es\/wp-json\/wp\/v2\/product_cat?post=2867"},{"taxonomy":"product_tag","embeddable":true,"href":"https:\/\/muellerkitchen.es\/es\/wp-json\/wp\/v2\/product_tag?post=2867"}],"curies":[{"name":"wp","href":"https:\/\/api.w.org\/{rel}","templated":true}]}}