{"id":2869,"date":"2024-02-03T20:59:55","date_gmt":"2024-02-03T20:59:55","guid":{"rendered":"https:\/\/muellerkitchen.es\/index.php\/product\/die-cast-aluminum-cookware-set-9-pieces-everyday-series\/"},"modified":"2025-12-10T12:53:00","modified_gmt":"2025-12-10T12:53:00","slug":"die-cast-aluminum-cookware-set-9-pieces-everyday-series","status":"publish","type":"product","link":"https:\/\/muellerkitchen.es\/es\/producto\/die-cast-aluminum-cookware-set-9-pieces-everyday-series\/","title":{"rendered":"Juego de utensilios de cocina de aluminio fundido a presi\u00f3n - 9 piezas | Serie Diaria"},"content":{"rendered":"<ul>\n<li><span class=\"a-list-item\">SET MULTIFUNCIONAL COOKAWRE 9 PIEZAS: Sart\u00e9n 24cm, Cazuela baja 28cm con tapa, 20cm Cazuela con tapa, 24cm Cazuela con tapa, 28cm Cazuela con tapa<\/span><\/li>\n<li><span class=\"a-list-item\">MATERIAL DE ALTA CALIDAD: El material de aluminio fundido a presi\u00f3n cuenta con un almacenamiento de calor largo, una vida \u00fatil extendida y, adem\u00e1s, es liviano para un manejo conveniente mientras tiene una espesura de base de 4.5mm que le brinda la capacidad de una distribuci\u00f3n de calor igual<\/span><\/li>\n<li><span class=\"a-list-item\">REVESTIMIENTO ALEM\u00c1N ANTIADHERENTE SALUDABLE: 3 capas GREBLON C3+ resistente a los ara\u00f1azos y antiadherente. Soporta el uso diario y mantiene los alimentos deslizando suavemente a lo largo de la superficie, lo que hace que la limpieza de este conjunto sea muy f\u00e1cil. Este recubrimiento prvides cocina saludable (PFOA GRATIS, sin plomo, sin cadmio)<\/span><\/li>\n<li><span class=\"a-list-item\">MANIJAS Y TAPA: Manijas f\u00e1cilmente desmontables incluidas para permitir que las ollas se pongan en el horno (temperatura m\u00e1xima 220C\/ 430F sin la tapa o manijas de silicona). El juego incluye tapas de acero inoxidable para evitar la oxidaci\u00f3n. Las tapas tambi\u00e9n incluyen un escape de vapor que ayuda a abordar el problema de ebullici\u00f3n\/ ruido de la tapa<\/span><\/li>\n<li><span class=\"a-list-item\">BASE DE INDUCCI\u00d3N SUPERIOR: Base de inducci\u00f3n avanzada que funciona en todas las cocinas (inducci\u00f3n, gas, el\u00e9ctrica, hal\u00f3gena, cer\u00e1mica...)<\/span><\/li>\n<\/ul>\n<p><iframe title=\"YouTube video player\" src=\"https:\/\/www.youtube.com\/embed\/KqrjcX8Zp6s\" width=\"320\" height=\"560\" frameborder=\"0\" allowfullscreen=\"allowfullscreen\"><\/iframe><\/p>","protected":false},"excerpt":{"rendered":"<ul>\n<li>Juego de utensilios de cocina multifuncional<\/li>\n<li>Material de aluminio fundido a presi\u00f3n de alta calidad<\/li>\n<li>Material antiadherente de m\u00e1rmol alem\u00e1n saludable<\/li>\n<li>Manijas de accesorio de silicona de tacto suave y tapas de acero inoxidable<\/li>\n<li>Base de inducci\u00f3n superior<\/li>\n<\/ul>","protected":false},"featured_media":4068,"comment_status":"open","ping_status":"closed","template":"","meta":{"postBodyCss":"","postBodyMargin":[],"postBodyPadding":[],"postBodyBackground":{"backgroundType":"classic","gradient":""}},"product_cat":[214,210],"product_tag":[],"_links":{"self":[{"href":"https:\/\/muellerkitchen.es\/es\/wp-json\/wp\/v2\/product\/2869"}],"collection":[{"href":"https:\/\/muellerkitchen.es\/es\/wp-json\/wp\/v2\/product"}],"about":[{"href":"https:\/\/muellerkitchen.es\/es\/wp-json\/wp\/v2\/types\/product"}],"replies":[{"embeddable":true,"href":"https:\/\/muellerkitchen.es\/es\/wp-json\/wp\/v2\/comments?post=2869"}],"wp:featuredmedia":[{"embeddable":true,"href":"https:\/\/muellerkitchen.es\/es\/wp-json\/wp\/v2\/media\/4068"}],"wp:attachment":[{"href":"https:\/\/muellerkitchen.es\/es\/wp-json\/wp\/v2\/media?parent=2869"}],"wp:term":[{"taxonomy":"product_cat","embeddable":true,"href":"https:\/\/muellerkitchen.es\/es\/wp-json\/wp\/v2\/product_cat?post=2869"},{"taxonomy":"product_tag","embeddable":true,"href":"https:\/\/muellerkitchen.es\/es\/wp-json\/wp\/v2\/product_tag?post=2869"}],"curies":[{"name":"wp","href":"https:\/\/api.w.org\/{rel}","templated":true}]}}