{"id":2870,"date":"2024-02-03T20:59:55","date_gmt":"2024-02-03T20:59:55","guid":{"rendered":"https:\/\/muellerkitchen.es\/index.php\/product\/die-cast-aluminum-cookware-set-9-pieces-premium-series\/"},"modified":"2025-12-10T12:53:00","modified_gmt":"2025-12-10T12:53:00","slug":"die-cast-aluminum-cookware-set-9-pieces-premium-series","status":"publish","type":"product","link":"https:\/\/muellerkitchen.es\/es\/producto\/die-cast-aluminum-cookware-set-9-pieces-premium-series\/","title":{"rendered":"Juego de utensilios de cocina de aluminio fundido a presi\u00f3n - 9 piezas | Serie Premium"},"content":{"rendered":"<ul>\n<li><span class=\"a-list-item\">SET DE UTENSILIOS DE COCINA MULTIFUNCIONAL de 9 piezas: Cazuela baja de 28cm\/11 pulgadas con tapa, Frypan de 24cm\/9,4 pulgadas, 20cm\/2,6 cuartos Cazuela con tapa, 24cm\/4,8 cuartos Cazuela con tapa, 28cm\/7,6 cuartos<\/span><\/li>\n<li><span class=\"a-list-item\">MATERIAL DE ALTA CALIDAD: El material de aluminio fundido a presi\u00f3n cuenta con un largo almacenamiento de calor, una vida \u00fatil extendida y, adem\u00e1s, es liviano para un manejo conveniente, mientras que tiene un espesor de base de 4.5mm que le brinda la capacidad de una distribuci\u00f3n de calor igual<\/span><\/li>\n<li><span class=\"a-list-item\">REVESTIMIENTO ALEM\u00c1N ANTIADHERENTE SALUDABLE: revestimiento de m\u00e1rmol resistente a los ara\u00f1azos y antiadherente GREBLON C3+ de 3 capas. Soporta el uso diario y mantiene los alimentos deslizando suavemente a lo largo de la superficie, lo que hace que la limpieza de este conjunto sea muy f\u00e1cil. Este recubrimiento proporciona una cocina saludable (PFOA GRATIS, sin plomo, sin cadmio)<\/span><\/li>\n<li><span class=\"a-list-item\">POIGN\u00c9ES &amp; COUVERCLE\u00a0: Soft Touch poign\u00e9es en silicone rouge qui donnent \u00e0 l\u2019ensemble un design unique, en outre, les poign\u00e9es sont facilement amovibles pour permettre aux pots d\u2019\u00eatre mis dans le four (Max temp 220C \/ 430F sans le couvercle ou les poign\u00e9es). L\u2019ensemble comprend des couvercles en verre et en silicone qui sont mieux adapt\u00e9s pour garder la chaleur \u00e0 l\u2019int\u00e9rieur pendant de plus longues p\u00e9riodes. Les couvercles comprennent \u00e9galement une \u00e9vacuation de la vapeur qui aide \u00e0 r\u00e9gler le probl\u00e8me de l\u2019\u00e9bullition \/ du cliquetis du couvercle<\/span><\/li>\n<li><span class=\"a-list-item\">BASE DE INDUCCI\u00d3N SUPERIOR: Base de inducci\u00f3n avanzada que funciona en todas las cocinas (inducci\u00f3n, gas, el\u00e9ctrica, hal\u00f3gena, cer\u00e1mica...), adem\u00e1s, el conjunto es apto para lavavajillas<\/span><\/li>\n<\/ul>\n<p><iframe title=\"YouTube video player\" src=\"https:\/\/www.youtube.com\/embed\/aefMSvxEkZs\" width=\"560\" height=\"315\" frameborder=\"0\" allowfullscreen=\"allowfullscreen\"><\/iframe><\/p>","protected":false},"excerpt":{"rendered":"<ul>\n<li>Juego de utensilios de cocina multifuncional<\/li>\n<li>Material de aluminio fundido a presi\u00f3n de alta calidad<\/li>\n<li>Revestimiento antiadherente de m\u00e1rmol alem\u00e1n saludable<\/li>\n<li>Manijas de tacto suave y tapas de silicona<\/li>\n<li>Base de inducci\u00f3n superior<\/li>\n<\/ul>","protected":false},"featured_media":4061,"comment_status":"open","ping_status":"closed","template":"","meta":{"postBodyCss":"","postBodyMargin":[],"postBodyPadding":[],"postBodyBackground":{"backgroundType":"classic","gradient":""}},"product_cat":[214,210],"product_tag":[],"_links":{"self":[{"href":"https:\/\/muellerkitchen.es\/es\/wp-json\/wp\/v2\/product\/2870"}],"collection":[{"href":"https:\/\/muellerkitchen.es\/es\/wp-json\/wp\/v2\/product"}],"about":[{"href":"https:\/\/muellerkitchen.es\/es\/wp-json\/wp\/v2\/types\/product"}],"replies":[{"embeddable":true,"href":"https:\/\/muellerkitchen.es\/es\/wp-json\/wp\/v2\/comments?post=2870"}],"wp:featuredmedia":[{"embeddable":true,"href":"https:\/\/muellerkitchen.es\/es\/wp-json\/wp\/v2\/media\/4061"}],"wp:attachment":[{"href":"https:\/\/muellerkitchen.es\/es\/wp-json\/wp\/v2\/media?parent=2870"}],"wp:term":[{"taxonomy":"product_cat","embeddable":true,"href":"https:\/\/muellerkitchen.es\/es\/wp-json\/wp\/v2\/product_cat?post=2870"},{"taxonomy":"product_tag","embeddable":true,"href":"https:\/\/muellerkitchen.es\/es\/wp-json\/wp\/v2\/product_tag?post=2870"}],"curies":[{"name":"wp","href":"https:\/\/api.w.org\/{rel}","templated":true}]}}