{"id":2871,"date":"2024-02-03T20:59:55","date_gmt":"2024-02-03T20:59:55","guid":{"rendered":"https:\/\/muellerkitchen.es\/index.php\/product\/die-cast-aluminum-cookware-set-10-pieces-natural-series\/"},"modified":"2025-12-10T12:53:01","modified_gmt":"2025-12-10T12:53:01","slug":"die-cast-aluminum-cookware-set-10-pieces-natural-series","status":"publish","type":"product","link":"https:\/\/muellerkitchen.es\/es\/producto\/die-cast-aluminum-cookware-set-10-pieces-natural-series\/","title":{"rendered":"Juego de utensilios de cocina de aluminio fundido a presi\u00f3n - 10 piezas | Serie Natural"},"content":{"rendered":"<ul>\n<li><span class=\"a-list-item\">SET DE UTENSILIOS DE COCINA MULTIFUNCIONAL de 10 piezas: sart\u00e9n profunda de 28cm con tapa, cazuela de 1,3 litros con tapa, 2,2 litros Cazuela con tapa, 4,3 litros Cazuela con tapa, 8,9 litros Cazuela con tapa<\/span><\/li>\n<li><span class=\"a-list-item\">MATERIAL DE ALTA CALIDAD: El material de aluminio fundido a presi\u00f3n cuenta con un largo almacenamiento de calor, una vida \u00fatil extendida y, adem\u00e1s, es liviano para un manejo conveniente, mientras que tiene un espesor de base de 4.5mm que le brinda la capacidad de una distribuci\u00f3n de calor igual<\/span><\/li>\n<li><span class=\"a-list-item\">REV\u00caTEMENT ANTIADH\u00c9SIF ALLEMAND SAIN\u00a0: 2 couches GREBLON CK2 r\u00e9sistant aux rayures et rev\u00eatement c\u00e9ramique antiadh\u00e9sif. R\u00e9siste \u00e0 une utilisation quotidienne et maintient les aliments glissant en douceur le long de la surface, ce qui rend le nettoyage de cet ensemble un jeu d\u2019enfant. Ce rev\u00eatement offre une exp\u00e9rience de cuisson plus saine car votre sant\u00e9 compte (PFOA et PTFE FREE, sans plomb, sans cadmium)<\/span><\/li>\n<li><span class=\"a-list-item\">POIGN\u00c9ES &amp; COUVERCLE\u00a0: Poign\u00e9es Soft Touch avec un aspect naturel qui donnent \u00e0 l\u2019ensemble un design unique, en outre, les poign\u00e9es sont facilement amovibles pour permettre aux pots d\u2019\u00eatre mis dans le four (Max temp 220c sans le couvercle ou les poign\u00e9es). L\u2019ensemble comprend des couvercles en verre et en silicone qui sont mieux adapt\u00e9s pour garder la chaleur \u00e0 l\u2019int\u00e9rieur pendant de plus longues p\u00e9riodes. Les couvercles comprennent \u00e9galement une \u00e9vacuation de la vapeur qui aide \u00e0 r\u00e9gler le probl\u00e8me de l\u2019\u00e9bullition \/ du cliquetis du couvercle<\/span><\/li>\n<li><span class=\"a-list-item\">BASE DE INDUCCI\u00d3N SUPERIOR: Base de inducci\u00f3n avanzada que funciona en todas las cocinas (inducci\u00f3n, gas, el\u00e9ctrica, hal\u00f3gena, cer\u00e1mica...)<\/span><\/li>\n<\/ul>","protected":false},"excerpt":{"rendered":"<ul>\n<li>Juego de utensilios de cocina multifuncional<\/li>\n<li>Material de aluminio fundido a presi\u00f3n de alta calidad<\/li>\n<li>Material antiadherente de cer\u00e1mica alemana saludable<\/li>\n<li>Manijas de aspecto natural de tacto suave y tapas de silicona<\/li>\n<li>Base de inducci\u00f3n superior<\/li>\n<\/ul>","protected":false},"featured_media":4075,"comment_status":"open","ping_status":"closed","template":"","meta":{"postBodyCss":"","postBodyMargin":[],"postBodyPadding":[],"postBodyBackground":{"backgroundType":"classic","gradient":""}},"product_cat":[214,210],"product_tag":[],"_links":{"self":[{"href":"https:\/\/muellerkitchen.es\/es\/wp-json\/wp\/v2\/product\/2871"}],"collection":[{"href":"https:\/\/muellerkitchen.es\/es\/wp-json\/wp\/v2\/product"}],"about":[{"href":"https:\/\/muellerkitchen.es\/es\/wp-json\/wp\/v2\/types\/product"}],"replies":[{"embeddable":true,"href":"https:\/\/muellerkitchen.es\/es\/wp-json\/wp\/v2\/comments?post=2871"}],"wp:featuredmedia":[{"embeddable":true,"href":"https:\/\/muellerkitchen.es\/es\/wp-json\/wp\/v2\/media\/4075"}],"wp:attachment":[{"href":"https:\/\/muellerkitchen.es\/es\/wp-json\/wp\/v2\/media?parent=2871"}],"wp:term":[{"taxonomy":"product_cat","embeddable":true,"href":"https:\/\/muellerkitchen.es\/es\/wp-json\/wp\/v2\/product_cat?post=2871"},{"taxonomy":"product_tag","embeddable":true,"href":"https:\/\/muellerkitchen.es\/es\/wp-json\/wp\/v2\/product_tag?post=2871"}],"curies":[{"name":"wp","href":"https:\/\/api.w.org\/{rel}","templated":true}]}}