{"id":2872,"date":"2024-02-03T20:59:55","date_gmt":"2024-02-03T20:59:55","guid":{"rendered":"https:\/\/muellerkitchen.es\/index.php\/product\/die-cast-aluminum-oven-tray-35cm-everyday-series\/"},"modified":"2025-12-10T12:53:01","modified_gmt":"2025-12-10T12:53:01","slug":"die-cast-aluminum-oven-tray-35cm-everyday-series","status":"publish","type":"product","link":"https:\/\/muellerkitchen.es\/es\/producto\/die-cast-aluminum-oven-tray-35cm-everyday-series\/","title":{"rendered":"Bandeja de horno de aluminio fundido a presi\u00f3n - 35cm | Serie Diaria"},"content":{"rendered":"<ul class=\"a-unordered-list a-vertical a-spacing-mini\">\n<li><span class=\"a-list-item\">MAT\u00c9RIAU DE HAUTE QUALIT\u00c9\u00a0: Le corps en aluminium moul\u00e9 sous pression ext\u00e9rieur qui assure une distribution de chaleur rapide et uniforme, une \u00e9paisseur de 4,5 mm fournit une distribution de chaleur stable pendant la cuisson, chauffe rapidement, \u00e9conomise du temps et de l\u2019\u00e9nergie, tout en offrant une dur\u00e9e de vie prolong\u00e9e. Le poids corporel appropri\u00e9 et la conductivit\u00e9 thermique peuvent assurer une dissipation uniforme de la chaleur et pr\u00e9venir les points chauds<\/span><\/li>\n<li>REVESTIMIENTO ALEM\u00c1N ANTIADHERENTE SALUDABLE: El interior est\u00e1 recubierto por un revestimiento de m\u00e1rmol reforzado con cer\u00e1mica antiadherente GREBLON C3+ de alto rendimiento que hace que la olla sea f\u00e1cil de cocinar y limpiar. Cocinar con poco aceite para una dieta saludable, mientras descansa, aseg\u00farese de que sus utensilios de cocina est\u00e9n libres de PFOA, plomo y cadmio<\/li>\n<li><span class=\"a-list-item\">BASE DE INDUCCI\u00d3N SUPERIOR: Conduce el calor de forma r\u00e1pida y uniforme, retiene el calor durante m\u00e1s tiempo, ahorra energ\u00eda y tiempo, lo que permite colocarlo uniformemente sobre la fuente de calor. Adecuado para su uso en: cocinas de inducci\u00f3n, gas, cer\u00e1mica, el\u00e9ctricas y hal\u00f3genas.<\/span><\/li>\n<\/ul>","protected":false},"excerpt":{"rendered":"<ul>\n<li>Bandeja de horno multifuncional<\/li>\n<li>Material de aluminio fundido a presi\u00f3n de alta calidad<\/li>\n<li>Revestimiento antiadherente de m\u00e1rmol alem\u00e1n saludable<\/li>\n<li>Base de inducci\u00f3n superior<\/li>\n<\/ul>","protected":false},"featured_media":4138,"comment_status":"open","ping_status":"closed","template":"","meta":{"postBodyCss":"","postBodyMargin":[],"postBodyPadding":[],"postBodyBackground":{"backgroundType":"classic","gradient":""}},"product_cat":[214,209],"product_tag":[],"_links":{"self":[{"href":"https:\/\/muellerkitchen.es\/es\/wp-json\/wp\/v2\/product\/2872"}],"collection":[{"href":"https:\/\/muellerkitchen.es\/es\/wp-json\/wp\/v2\/product"}],"about":[{"href":"https:\/\/muellerkitchen.es\/es\/wp-json\/wp\/v2\/types\/product"}],"replies":[{"embeddable":true,"href":"https:\/\/muellerkitchen.es\/es\/wp-json\/wp\/v2\/comments?post=2872"}],"wp:featuredmedia":[{"embeddable":true,"href":"https:\/\/muellerkitchen.es\/es\/wp-json\/wp\/v2\/media\/4138"}],"wp:attachment":[{"href":"https:\/\/muellerkitchen.es\/es\/wp-json\/wp\/v2\/media?parent=2872"}],"wp:term":[{"taxonomy":"product_cat","embeddable":true,"href":"https:\/\/muellerkitchen.es\/es\/wp-json\/wp\/v2\/product_cat?post=2872"},{"taxonomy":"product_tag","embeddable":true,"href":"https:\/\/muellerkitchen.es\/es\/wp-json\/wp\/v2\/product_tag?post=2872"}],"curies":[{"name":"wp","href":"https:\/\/api.w.org\/{rel}","templated":true}]}}