{"id":2873,"date":"2024-02-03T20:59:55","date_gmt":"2024-02-03T20:59:55","guid":{"rendered":"https:\/\/muellerkitchen.es\/index.php\/product\/die-cast-aluminum-roasting-pan-35cm-everyday-series\/"},"modified":"2025-12-10T12:53:02","modified_gmt":"2025-12-10T12:53:02","slug":"die-cast-aluminum-roasting-pan-35cm-everyday-series","status":"publish","type":"product","link":"https:\/\/muellerkitchen.es\/es\/producto\/die-cast-aluminum-roasting-pan-35cm-everyday-series\/","title":{"rendered":"Molde de aluminio fundido a presi\u00f3n con tapa de aroma - 35cm | Serie Diaria"},"content":{"rendered":"<ul class=\"a-unordered-list a-vertical a-spacing-mini\">\n<li><span class=\"a-list-item\">Tapa de Vidrio Arom\u00e1tico: Tapa de vidrio y acero inoxidable. Mantenga su comida h\u00fameda y distribuya todas las especias y jugos a trav\u00e9s de la perilla de aroma que funciona utilizando el vapor generado por la cocci\u00f3n en una lenta y continua para que no tenga que abrir la tapa<\/span><\/li>\n<li><span class=\"a-list-item\">MATERIAL DE ALTA CALIDAD: El cuerpo exterior de aluminio fundido a presi\u00f3n que garantiza una distribuci\u00f3n de calor r\u00e1pida y uniforme, un espesor de 4,5 mm proporciona una distribuci\u00f3n de calor estable durante la cocci\u00f3n, se calienta r\u00e1pidamente, ahorra tiempo y energ\u00eda, al tiempo que proporciona una vida \u00fatil prolongada<\/span><\/li>\n<li><span class=\"a-list-item\">REVESTIMIENTO ALEM\u00c1N ANTIADHERENTE SALUDABLE: El interior est\u00e1 recubierto por un revestimiento de m\u00e1rmol reforzado con cer\u00e1mica antiadherente GREBLON C3+ de alto rendimiento que hace que la olla sea f\u00e1cil de cocinar y limpiar. Cocinar con poco aceite para una dieta saludable, mientras descansa, aseg\u00farese de que sus utensilios de cocina est\u00e9n libres de PFOA, plomo y cadmio<\/span><\/li>\n<li><span class=\"a-list-item\">BASE DE INDUCCI\u00d3N SUPERIOR: Conduce el calor de forma r\u00e1pida y uniforme, retiene el calor durante m\u00e1s tiempo, ahorra energ\u00eda y tiempo, lo que permite colocarlo uniformemente sobre la fuente de calor. Adecuado para su uso en: cocinas de inducci\u00f3n, gas, cer\u00e1mica, el\u00e9ctricas y hal\u00f3genas.<\/span><\/li>\n<\/ul>","protected":false},"excerpt":{"rendered":"<ul>\n<li>Sart\u00e9n Asador Multifuncional<\/li>\n<li>Tapa de Vidrio Arom\u00e1tico<\/li>\n<li>Material de aluminio fundido a presi\u00f3n de alta calidad<\/li>\n<li>Revestimiento antiadherente de m\u00e1rmol alem\u00e1n saludable<\/li>\n<li>Base de inducci\u00f3n superior<\/li>\n<li>Caja fuerte del horno hasta 220C\/430F (sin la tapa)<\/li>\n<\/ul>","protected":false},"featured_media":4144,"comment_status":"open","ping_status":"closed","template":"","meta":{"postBodyCss":"","postBodyMargin":[],"postBodyPadding":[],"postBodyBackground":{"backgroundType":"classic","gradient":""}},"product_cat":[214,209],"product_tag":[],"_links":{"self":[{"href":"https:\/\/muellerkitchen.es\/es\/wp-json\/wp\/v2\/product\/2873"}],"collection":[{"href":"https:\/\/muellerkitchen.es\/es\/wp-json\/wp\/v2\/product"}],"about":[{"href":"https:\/\/muellerkitchen.es\/es\/wp-json\/wp\/v2\/types\/product"}],"replies":[{"embeddable":true,"href":"https:\/\/muellerkitchen.es\/es\/wp-json\/wp\/v2\/comments?post=2873"}],"wp:featuredmedia":[{"embeddable":true,"href":"https:\/\/muellerkitchen.es\/es\/wp-json\/wp\/v2\/media\/4144"}],"wp:attachment":[{"href":"https:\/\/muellerkitchen.es\/es\/wp-json\/wp\/v2\/media?parent=2873"}],"wp:term":[{"taxonomy":"product_cat","embeddable":true,"href":"https:\/\/muellerkitchen.es\/es\/wp-json\/wp\/v2\/product_cat?post=2873"},{"taxonomy":"product_tag","embeddable":true,"href":"https:\/\/muellerkitchen.es\/es\/wp-json\/wp\/v2\/product_tag?post=2873"}],"curies":[{"name":"wp","href":"https:\/\/api.w.org\/{rel}","templated":true}]}}