{"id":2874,"date":"2024-02-03T20:59:55","date_gmt":"2024-02-03T20:59:55","guid":{"rendered":"https:\/\/muellerkitchen.es\/index.php\/product\/stainless-steel-pressure-cooker-set-5l7l\/"},"modified":"2025-12-10T12:53:03","modified_gmt":"2025-12-10T12:53:03","slug":"stainless-steel-pressure-cooker-set-5l7l","status":"publish","type":"product","link":"https:\/\/muellerkitchen.es\/es\/producto\/stainless-steel-pressure-cooker-set-5l7l\/","title":{"rendered":"Juego de cocina a presi\u00f3n de acero inoxidable - 5L + 7L"},"content":{"rendered":"<ul class=\"a-unordered-list a-vertical a-spacing-mini\">\n<li><span class=\"a-list-item\">Tapa de bloqueo f\u00e1cil: cierre convenientemente o abra con una sola mano, acero inoxidable 18\/10 de calidad superior con una base acotada de alto impacto. La tapa de bloqueo de presi\u00f3n es intercambiable entre los dos tama\u00f1os. w<\/span><\/li>\n<li><span class=\"a-list-item\">Base de inducci\u00f3n superior: Conduce el calor r\u00e1pida y uniformemente, retiene el calor por m\u00e1s tiempo, ahorra energ\u00eda y tiempo. Adecuado para su uso en: cocinas de inducci\u00f3n, gas, cer\u00e1mica, el\u00e9ctricas y hal\u00f3genas, manijas fr\u00edas para evitar cualquier molestia o lesiones relacionadas con el calor alto<\/span><\/li>\n<li><span class=\"a-list-item\">22cm de di\u00e1metro con una v\u00e1lvula de liberaci\u00f3n r\u00e1pida para una liberaci\u00f3n de presi\u00f3n r\u00e1pida y segura, indicador de presi\u00f3n rojo para monitorear f\u00e1cilmente los niveles de presi\u00f3n<\/span><\/li>\n<li><span class=\"a-list-item\">La innovadora tapa tipo pinza le permite bloquear en cualquier posici\u00f3n, dos ajustes de presi\u00f3n para todos los tipos de alimentos<\/span><\/li>\n<li><span class=\"a-list-item\">Dos ajustes de presi\u00f3n: que van desde alta presi\u00f3n a 13 psi a baja presi\u00f3n a 8 psi, proporcionan la flexibilidad para cocinar a presi\u00f3n incluso los platos m\u00e1s delicados. <\/span><span class=\"a-list-item\">NOTA: El sello de goma de repuesto solo se incluye con el juego de cocci\u00f3n a presi\u00f3n<\/span><\/li>\n<\/ul>\n<p><iframe title=\"YouTube video player\" src=\"https:\/\/www.youtube.com\/embed\/UzhDcNlM8Rk\" width=\"320\" height=\"560\" frameborder=\"0\" allowfullscreen=\"allowfullscreen\"><\/iframe><\/p>","protected":false},"excerpt":{"rendered":"<ul>\n<li>Tapa de Bloqueo F\u00e1cil Intercambiable<\/li>\n<li>Dos Ajustes de Presi\u00f3n<\/li>\n<li>Base de inducci\u00f3n superior<\/li>\n<li>Innovadora Tapa Estilo Abrazadera<\/li>\n<\/ul>","protected":false},"featured_media":4158,"comment_status":"open","ping_status":"closed","template":"","meta":{"postBodyCss":"","postBodyMargin":[],"postBodyPadding":[],"postBodyBackground":{"backgroundType":"classic","gradient":""}},"product_cat":[214,211],"product_tag":[],"_links":{"self":[{"href":"https:\/\/muellerkitchen.es\/es\/wp-json\/wp\/v2\/product\/2874"}],"collection":[{"href":"https:\/\/muellerkitchen.es\/es\/wp-json\/wp\/v2\/product"}],"about":[{"href":"https:\/\/muellerkitchen.es\/es\/wp-json\/wp\/v2\/types\/product"}],"replies":[{"embeddable":true,"href":"https:\/\/muellerkitchen.es\/es\/wp-json\/wp\/v2\/comments?post=2874"}],"wp:featuredmedia":[{"embeddable":true,"href":"https:\/\/muellerkitchen.es\/es\/wp-json\/wp\/v2\/media\/4158"}],"wp:attachment":[{"href":"https:\/\/muellerkitchen.es\/es\/wp-json\/wp\/v2\/media?parent=2874"}],"wp:term":[{"taxonomy":"product_cat","embeddable":true,"href":"https:\/\/muellerkitchen.es\/es\/wp-json\/wp\/v2\/product_cat?post=2874"},{"taxonomy":"product_tag","embeddable":true,"href":"https:\/\/muellerkitchen.es\/es\/wp-json\/wp\/v2\/product_tag?post=2874"}],"curies":[{"name":"wp","href":"https:\/\/api.w.org\/{rel}","templated":true}]}}