{"id":2884,"date":"2024-02-03T20:59:55","date_gmt":"2024-02-03T20:59:55","guid":{"rendered":"https:\/\/muellerkitchen.es\/index.php\/product\/frying-pan-with-lid-28cm\/"},"modified":"2025-12-10T12:53:03","modified_gmt":"2025-12-10T12:53:03","slug":"frying-pan-with-lid-28cm","status":"publish","type":"product","link":"https:\/\/muellerkitchen.es\/es\/producto\/frying-pan-with-lid-28cm\/","title":{"rendered":"Freidora de aluminio fundido a presi\u00f3n - 28cm | Serie Diaria"},"content":{"rendered":"<ul>\n<li><span class=\"a-list-item\">MATERIAL DE ALTA CALIDAD: Cuerpo de aluminio fundido a presi\u00f3n exterior que garantiza una distribuci\u00f3n de calor r\u00e1pida y uniforme, 4,5 mm de espesor proporciona una distribuci\u00f3n de calor estable durante la cocci\u00f3n, calentamiento r\u00e1pido, ahorra tiempo y energ\u00eda, al tiempo que proporciona una larga vida \u00fatil.\u00a0 El peso corporal adecuado y la conductividad t\u00e9rmica pueden garantizar una disipaci\u00f3n de calor uniforme y evitar los puntos calientes<\/span><\/li>\n<li><span class=\"a-list-item\">REVESTIMIENTO ANTIADHERENTE ALEM\u00c1N SALUDABLE: El interior est\u00e1 forrado con un revestimiento de m\u00e1rmol cer\u00e1mico reforzado antiadherente GREBLON C3+ de alto rendimiento que hace que la sart\u00e9n sea f\u00e1cil de cocinar y limpiar.\u00a0 Cocine con poco aceite para una dieta saludable, mientras descansa, aseg\u00farese de que sus utensilios de cocina est\u00e9n libres de PFOA, plomo y cadmio.  Seguro hasta 220c (sin tapa)<\/span><\/li>\n<li><span class=\"a-list-item\">ANILLO DE SILICONA Y VIDRIO VISIBLE: Tapa de vidrio resistente a altas temperaturas con un respiradero de vapor que es m\u00e1s propicio para la circulaci\u00f3n de calor y humedad.\u00a0 El anillo de la tapa est\u00e1 hecho de silicona para dar a la sart\u00e9n un mejor sello para retener m\u00e1s calor en el interior<\/span><\/li>\n<li><span class=\"a-list-item\">BASE DE INDUCCI\u00d3N SUPERIOR: Conduce el calor de forma r\u00e1pida y uniforme, retiene el calor durante m\u00e1s tiempo, ahorra energ\u00eda y tiempo, lo que permite colocarlo uniformemente en la fuente de calor. Adecuado para su uso en: inducci\u00f3n, gas, cer\u00e1mica, cocinas el\u00e9ctricas y hal\u00f3genas.<\/span><\/li>\n<\/ul>\n<p><iframe title=\"YouTube video player\" src=\"https:\/\/www.youtube.com\/embed\/KqrjcX8Zp6s\" width=\"320\" height=\"560\" frameborder=\"0\" allowfullscreen=\"allowfullscreen\"><\/iframe><\/p>","protected":false},"excerpt":{"rendered":"<ul>\n<li><strong>Material de alta calidad<\/strong><\/li>\n<li><strong>Revestimiento antiadherente alem\u00e1n saludable<\/strong><\/li>\n<li><strong>Cristal visible y anillo de silicona<\/strong><\/li>\n<li><strong>Base de inducci\u00f3n superior<\/strong><\/li>\n<\/ul>","protected":false},"featured_media":4118,"comment_status":"open","ping_status":"closed","template":"","meta":{"postBodyCss":"","postBodyMargin":[],"postBodyPadding":[],"postBodyBackground":{"backgroundType":"classic","gradient":""}},"product_cat":[214,208],"product_tag":[],"_links":{"self":[{"href":"https:\/\/muellerkitchen.es\/es\/wp-json\/wp\/v2\/product\/2884"}],"collection":[{"href":"https:\/\/muellerkitchen.es\/es\/wp-json\/wp\/v2\/product"}],"about":[{"href":"https:\/\/muellerkitchen.es\/es\/wp-json\/wp\/v2\/types\/product"}],"replies":[{"embeddable":true,"href":"https:\/\/muellerkitchen.es\/es\/wp-json\/wp\/v2\/comments?post=2884"}],"wp:featuredmedia":[{"embeddable":true,"href":"https:\/\/muellerkitchen.es\/es\/wp-json\/wp\/v2\/media\/4118"}],"wp:attachment":[{"href":"https:\/\/muellerkitchen.es\/es\/wp-json\/wp\/v2\/media?parent=2884"}],"wp:term":[{"taxonomy":"product_cat","embeddable":true,"href":"https:\/\/muellerkitchen.es\/es\/wp-json\/wp\/v2\/product_cat?post=2884"},{"taxonomy":"product_tag","embeddable":true,"href":"https:\/\/muellerkitchen.es\/es\/wp-json\/wp\/v2\/product_tag?post=2884"}],"curies":[{"name":"wp","href":"https:\/\/api.w.org\/{rel}","templated":true}]}}