{"id":2885,"date":"2024-02-03T20:59:55","date_gmt":"2024-02-03T20:59:55","guid":{"rendered":"https:\/\/muellerkitchen.es\/index.php\/product\/die-cast-aluminum-grill-plate-47cm\/"},"modified":"2025-12-10T12:53:04","modified_gmt":"2025-12-10T12:53:04","slug":"die-cast-aluminum-grill-plate-47cm","status":"publish","type":"product","link":"https:\/\/muellerkitchen.es\/es\/producto\/die-cast-aluminum-grill-plate-47cm\/","title":{"rendered":"Placa de parrilla de aluminio fundido a presi\u00f3n - 47cm"},"content":{"rendered":"<ul class=\"a-unordered-list a-vertical a-spacing-mini\">\n<li><span class=\"a-list-item\">MATERIAL DE ALTA CALIDAD: Cuerpo de aluminio fundido a presi\u00f3n exterior que garantiza una distribuci\u00f3n de calor r\u00e1pida y uniforme, 4,5 mm de espesor proporciona una distribuci\u00f3n de calor estable durante la cocci\u00f3n, calentamiento r\u00e1pido, ahorra tiempo y energ\u00eda, al tiempo que proporciona una larga vida \u00fatil.\u00a0 El peso corporal adecuado y la conductividad t\u00e9rmica pueden garantizar una disipaci\u00f3n de calor uniforme y evitar los puntos calientes<\/span><\/li>\n<li><span class=\"a-list-item\">REVESTIMIENTO ANTIADHERENTE ALEM\u00c1N SALUDABLE: El interior est\u00e1 forrado con un revestimiento de m\u00e1rmol cer\u00e1mico reforzado antiadherente GREBLON C3+ de alto rendimiento que hace que la plancha sea f\u00e1cil de cocinar y limpiar. Cocine con poco aceite para una dieta saludable, mientras descansa, aseg\u00farese de que sus utensilios de cocina est\u00e9n libres de PFOA, plomo y cadmio. Horno seguro hasta 220C\/ 430F<\/span><\/li>\n<li><span class=\"a-list-item\">BASE DE INDUCCI\u00d3N SUPERIOR: Conduce el calor de forma r\u00e1pida y uniforme, retiene el calor durante m\u00e1s tiempo, ahorra energ\u00eda y tiempo, lo que permite colocarlo uniformemente en la fuente de calor. Adecuado para su uso en: inducci\u00f3n, gas, cer\u00e1mica, cocinas el\u00e9ctricas y hal\u00f3genas.<\/span><\/li>\n<\/ul>","protected":false},"excerpt":{"rendered":"<p>HIGH-QUALITY MATERIAL: Exterior die-cast aluminum body that ensures fast and even heat distribution, 4.5mm thickness provides stable heat distribution during cooking, fast heating, saves time and energy, while providing a&#8230;<\/p>","protected":false},"featured_media":4151,"comment_status":"open","ping_status":"closed","template":"","meta":{"postBodyCss":"","postBodyMargin":[],"postBodyPadding":[],"postBodyBackground":{"backgroundType":"classic","gradient":""}},"product_cat":[209],"product_tag":[],"_links":{"self":[{"href":"https:\/\/muellerkitchen.es\/es\/wp-json\/wp\/v2\/product\/2885"}],"collection":[{"href":"https:\/\/muellerkitchen.es\/es\/wp-json\/wp\/v2\/product"}],"about":[{"href":"https:\/\/muellerkitchen.es\/es\/wp-json\/wp\/v2\/types\/product"}],"replies":[{"embeddable":true,"href":"https:\/\/muellerkitchen.es\/es\/wp-json\/wp\/v2\/comments?post=2885"}],"wp:featuredmedia":[{"embeddable":true,"href":"https:\/\/muellerkitchen.es\/es\/wp-json\/wp\/v2\/media\/4151"}],"wp:attachment":[{"href":"https:\/\/muellerkitchen.es\/es\/wp-json\/wp\/v2\/media?parent=2885"}],"wp:term":[{"taxonomy":"product_cat","embeddable":true,"href":"https:\/\/muellerkitchen.es\/es\/wp-json\/wp\/v2\/product_cat?post=2885"},{"taxonomy":"product_tag","embeddable":true,"href":"https:\/\/muellerkitchen.es\/es\/wp-json\/wp\/v2\/product_tag?post=2885"}],"curies":[{"name":"wp","href":"https:\/\/api.w.org\/{rel}","templated":true}]}}