{"id":2886,"date":"2024-02-03T20:59:55","date_gmt":"2024-02-03T20:59:55","guid":{"rendered":"https:\/\/muellerkitchen.es\/index.php\/product\/low-casserole-32-cm\/"},"modified":"2025-12-10T12:53:04","modified_gmt":"2025-12-10T12:53:04","slug":"low-casserole-32-cm","status":"publish","type":"product","link":"https:\/\/muellerkitchen.es\/es\/producto\/low-casserole-32-cm\/","title":{"rendered":"Cacerola baja de aluminio fundido a presi\u00f3n - 32 cm | Serie Diaria"},"content":{"rendered":"<ul>\n<li><span class=\"a-list-item\"><strong>Material de alta calidad:<\/strong>\u00a0Corps en aluminium moul\u00e9 sous pression ext\u00e9rieur qui assure une distribution de chaleur rapide et uniforme, \u00e9paisseur de 4,5 mm fournit une distribution de chaleur stable pendant la cuisson, chauffage rapide, \u00e9conomise du temps et de l\u2019\u00e9nergie, tout en fournissant une longue dur\u00e9e de vie utile.\u00a0 Le poids corporel et la conductivit\u00e9 thermique appropri\u00e9s peuvent assurer une dissipation uniforme de la chaleur et \u00e9viter les points chauds<\/span><\/li>\n<li><span class=\"a-list-item\"><strong>REVESTIMIENTO ALEM\u00c1N ANTIADHERENTE SALUDABLE:<\/strong> L\u2019int\u00e9rieur est doubl\u00e9 d\u2019un rev\u00eatement en marbre renforc\u00e9 de c\u00e9ramique antiadh\u00e9sive GREBLON C3+ haute performance qui rend la casserole facile \u00e0 cuisiner et \u00e0 nettoyer. Faites cuire avec peu d\u2019huile pour une alimentation saine, pendant que vous vous reposez, assurez-vous que vos ustensiles de cuisine sont exempts d\u2019APFO, de plomb et de cadmium. Four s\u00fbr jusqu\u2019\u00e0 220c. (sans le couvercle en verre)<\/span><\/li>\n<li><strong>FIJACI\u00d3N DE SILICONA EXTRA\u00cdBLE Y VIDRIO VISIBLE:<\/strong>\u00a0Poign\u00e9es en silicone facilement amovibles qui peuvent \u00eatre attach\u00e9es lors du levage ou de l\u2019abaissement du bateau pour \u00e9viter les blessures li\u00e9es aux temp\u00e9ratures \u00e9lev\u00e9es.\u00a0 Couvercle en verre r\u00e9sistant aux hautes temp\u00e9ratures avec un \u00e9vent \u00e0 vapeur qui est plus propice \u00e0 la circulation de la chaleur et de l\u2019humidit\u00e9 tout en abordant les probl\u00e8mes d\u2019\u00e9bullition \/ hochet de couvercle<\/li>\n<li><span class=\"a-list-item\"><strong>BASE DE INDUCCI\u00d3N SUPERIOR:<\/strong> Conduce el calor de forma r\u00e1pida y uniforme, retiene el calor durante m\u00e1s tiempo, ahorra energ\u00eda y tiempo, lo que permite colocarlo uniformemente en la fuente de calor.\u00a0 Adecuado para su uso en: inducci\u00f3n, gas, cer\u00e1mica, cocinas el\u00e9ctricas y hal\u00f3genas.<\/span><\/li>\n<\/ul>\n<p><iframe title=\"YouTube video player\" src=\"https:\/\/www.youtube.com\/embed\/KqrjcX8Zp6s\" width=\"320\" height=\"560\" frameborder=\"0\" allowfullscreen=\"allowfullscreen\"><\/iframe><\/p>","protected":false},"excerpt":{"rendered":"<p>HIGH-QUALITY MATERIAL:\u00a0Exterior die-cast aluminum body that ensures fast and even heat distribution, 4.5mm thickness provides stable heat distribution during cooking, fast heating, saves time and energy, while providing a long&#8230;<\/p>","protected":false},"featured_media":4083,"comment_status":"open","ping_status":"closed","template":"","meta":{"postBodyCss":"","postBodyMargin":[],"postBodyPadding":[],"postBodyBackground":{"backgroundType":"classic","gradient":""}},"product_cat":[214,207],"product_tag":[],"_links":{"self":[{"href":"https:\/\/muellerkitchen.es\/es\/wp-json\/wp\/v2\/product\/2886"}],"collection":[{"href":"https:\/\/muellerkitchen.es\/es\/wp-json\/wp\/v2\/product"}],"about":[{"href":"https:\/\/muellerkitchen.es\/es\/wp-json\/wp\/v2\/types\/product"}],"replies":[{"embeddable":true,"href":"https:\/\/muellerkitchen.es\/es\/wp-json\/wp\/v2\/comments?post=2886"}],"wp:featuredmedia":[{"embeddable":true,"href":"https:\/\/muellerkitchen.es\/es\/wp-json\/wp\/v2\/media\/4083"}],"wp:attachment":[{"href":"https:\/\/muellerkitchen.es\/es\/wp-json\/wp\/v2\/media?parent=2886"}],"wp:term":[{"taxonomy":"product_cat","embeddable":true,"href":"https:\/\/muellerkitchen.es\/es\/wp-json\/wp\/v2\/product_cat?post=2886"},{"taxonomy":"product_tag","embeddable":true,"href":"https:\/\/muellerkitchen.es\/es\/wp-json\/wp\/v2\/product_tag?post=2886"}],"curies":[{"name":"wp","href":"https:\/\/api.w.org\/{rel}","templated":true}]}}