{"id":4182,"date":"2024-06-21T10:26:15","date_gmt":"2024-06-21T10:26:15","guid":{"rendered":"https:\/\/muellerkitchen.es\/?post_type=product&#038;p=4182"},"modified":"2025-12-10T12:53:10","modified_gmt":"2025-12-10T12:53:10","slug":"electric-watter-kettle-2000w-1-7l","status":"publish","type":"product","link":"https:\/\/muellerkitchen.es\/es\/producto\/electric-watter-kettle-2000w-1-7l\/","title":{"rendered":"Hervidor El\u00e9ctrico - 2000W - 1.7L"},"content":{"rendered":"<ul>\n<li class=\"translation-block\"><strong>Potente 2000W:<\/strong> Hierve el agua de forma r\u00e1pida y eficiente para su comodidad.<\/li>\n<li class=\"translation-block\"><strong>Gran capacidad:<\/strong> La capacidad de 1.7L permite hervir agua abundante, perfecta para hacer varias tazas de t\u00e9 o caf\u00e9.<\/li>\n<li class=\"translation-block\"><strong>18\/10 INOX Dise\u00f1o:<\/strong> Proporciona durabilidad y un aspecto elegante, mejorando la est\u00e9tica de su cocina.<\/li>\n<li class=\"translation-block\"><strong>Cierre completamente autom\u00e1tico:<\/strong> Garantiza la seguridad apagando autom\u00e1ticamente cuando el agua alcanza el punto de ebullici\u00f3n o cuando el hervidor est\u00e1 vac\u00edo, evitando la ebullici\u00f3n seca.<\/li>\n<li class=\"translation-block\"><strong>Base de potencia giratoria de 360 grados:<\/strong> Permite una f\u00e1cil colocaci\u00f3n y extracci\u00f3n de la tetera desde cualquier \u00e1ngulo, con un c\u00f3modo almacenamiento de cables para mantener las encimeras ordenadas.<\/li>\n<li class=\"translation-block\"><strong>Luz indicadora:<\/strong> Indica cuando el hervidor est\u00e1 en funcionamiento, proporcionando retroalimentaci\u00f3n visual.<\/li>\n<li class=\"translation-block\"><strong>Strix Controller (10A):<\/strong> Garantiza un funcionamiento fiable y seguro del elemento calefactor del hervidor.<\/li>\n<li class=\"translation-block\"><strong>Bot\u00f3n para abrir la tapa:<\/strong> Permite un f\u00e1cil llenado y limpieza de la tetera.<\/li>\n<li class=\"translation-block\"><strong>Red de filtro de cal INOX extra\u00edble y lavable:<\/strong> Filtra las impurezas y la cal del agua, asegurando un agua hervida m\u00e1s limpia y sabrosa.<\/li>\n<li class=\"translation-block\"><strong>Interruptor de encendido\/apagado:<\/strong> Proporciona un control simple e intuitivo sobre el funcionamiento de la caldera.<\/li>\n<li class=\"translation-block\"><strong>Indicador de nivel de agua:<\/strong> Le permite monitorear f\u00e1cilmente el nivel de agua, evitando el sobrellenado y asegurando un rendimiento \u00f3ptimo.<\/li>\n<\/ul>\n<p><iframe title=\"YouTube video player\" src=\"https:\/\/www.youtube.com\/embed\/YsxDxh4ypjk\" width=\"320\" height=\"560\" frameborder=\"0\" allowfullscreen=\"allowfullscreen\"><\/iframe><\/p>","protected":false},"excerpt":{"rendered":"<ul>\n<li>Ebullici\u00f3n R\u00e1pida - 2000W<\/li>\n<li>Gran Capacidad de 1.7L<\/li>\n<li>Apagado Autom\u00e1tico<\/li>\n<li>Malla de Filtro de Cal INOX Extra\u00edble y Lavable<\/li>\n<li>Dise\u00f1o INOX<\/li>\n<\/ul>","protected":false},"featured_media":4183,"comment_status":"open","ping_status":"closed","template":"","meta":{"postBodyCss":"","postBodyMargin":[],"postBodyPadding":[],"postBodyBackground":{"backgroundType":"classic","gradient":""}},"product_cat":[213,204],"product_tag":[],"_links":{"self":[{"href":"https:\/\/muellerkitchen.es\/es\/wp-json\/wp\/v2\/product\/4182"}],"collection":[{"href":"https:\/\/muellerkitchen.es\/es\/wp-json\/wp\/v2\/product"}],"about":[{"href":"https:\/\/muellerkitchen.es\/es\/wp-json\/wp\/v2\/types\/product"}],"replies":[{"embeddable":true,"href":"https:\/\/muellerkitchen.es\/es\/wp-json\/wp\/v2\/comments?post=4182"}],"wp:featuredmedia":[{"embeddable":true,"href":"https:\/\/muellerkitchen.es\/es\/wp-json\/wp\/v2\/media\/4183"}],"wp:attachment":[{"href":"https:\/\/muellerkitchen.es\/es\/wp-json\/wp\/v2\/media?parent=4182"}],"wp:term":[{"taxonomy":"product_cat","embeddable":true,"href":"https:\/\/muellerkitchen.es\/es\/wp-json\/wp\/v2\/product_cat?post=4182"},{"taxonomy":"product_tag","embeddable":true,"href":"https:\/\/muellerkitchen.es\/es\/wp-json\/wp\/v2\/product_tag?post=4182"}],"curies":[{"name":"wp","href":"https:\/\/api.w.org\/{rel}","templated":true}]}}