{"id":4186,"date":"2024-06-21T11:32:34","date_gmt":"2024-06-21T11:32:34","guid":{"rendered":"https:\/\/muellerkitchen.es\/?post_type=product&#038;p=4186"},"modified":"2025-12-10T12:53:11","modified_gmt":"2025-12-10T12:53:11","slug":"electric-water-kettle-1000w-1l","status":"publish","type":"product","link":"https:\/\/muellerkitchen.es\/es\/producto\/electric-water-kettle-1000w-1l\/","title":{"rendered":"Hervidor de Agua El\u00e9ctrico - 1000W - 1L"},"content":{"rendered":"<ul>\n<li data-sourcepos=\"3:1-3:113\" class=\"translation-block\"><strong>Ebullici\u00f3n r\u00e1pida y eficiente: <\/strong> Hierva el agua r\u00e1pida y silenciosamente con el poderoso elemento de calefacci\u00f3n de 1000 vatios.<\/li>\n<li data-sourcepos=\"4:1-4:1\" class=\"translation-block\"><strong>Seguro y confiable:<\/strong> Cuenta con cierre autom\u00e1tico con protecci\u00f3n de ebullici\u00f3n seca para mayor tranquilidad. El controlador STRIX garantiza un control preciso de la temperatura y un rendimiento duradero.<\/li>\n<li data-sourcepos=\"5:1-5:165\" class=\"translation-block\"><strong>Aislamiento de doble pared:<\/strong> Disfruta de un exterior fresco gracias a la construcci\u00f3n de doble pared que mantiene la tetera c\u00f3moda de sostener incluso cuando hierve agua.<\/li>\n<li data-sourcepos=\"6:1-6:185\" class=\"translation-block\"><strong>Soldadura sin costura y elemento de calefacci\u00f3n oculto:<\/strong> La soldadura sin costura mejora la durabilidad y evita fugas, mientras que el elemento de calefacci\u00f3n oculto garantiza la seguridad y la limpieza f\u00e1cil.<\/li>\n<li data-sourcepos=\"7:1-7:165\" class=\"translation-block\"><strong>Caracter\u00edsticas convenientes:<\/strong> Liberaci\u00f3n sin esfuerzo de la tapa de un toque, base de potencia giratoria de 360\u00b0 para un uso f\u00e1cil sin cables y una conveniente envoltura de cable para un almacenamiento sin desorden.<\/li>\n<li data-sourcepos=\"8:1-9:0\" class=\"translation-block\"><strong>Dise\u00f1o compacto y elegante:<\/strong> La capacidad de 1 litro es perfecta para necesidades de un solo servicio o cocinas peque\u00f1as, y el dise\u00f1o elegante complementa cualquier encimera.<\/li>\n<\/ul>\n<p><iframe title=\"YouTube video player\" src=\"https:\/\/www.youtube.com\/embed\/bIVCWL2llWE\" width=\"320\" height=\"560\" frameborder=\"0\" allowfullscreen=\"allowfullscreen\"><\/iframe><\/p>","protected":false},"excerpt":{"rendered":"<ul>\n<li>Ebullici\u00f3n R\u00e1pida y Eficiente<\/li>\n<li>Aislamiento de Doble Pared<\/li>\n<li>Dise\u00f1o Compacto y Elegante<\/li>\n<li>Apagado Autom\u00e1tico<\/li>\n<\/ul>","protected":false},"featured_media":4189,"comment_status":"open","ping_status":"closed","template":"","meta":{"postBodyCss":"","postBodyMargin":[],"postBodyPadding":[],"postBodyBackground":{"backgroundType":"classic","gradient":""}},"product_cat":[213,204],"product_tag":[],"_links":{"self":[{"href":"https:\/\/muellerkitchen.es\/es\/wp-json\/wp\/v2\/product\/4186"}],"collection":[{"href":"https:\/\/muellerkitchen.es\/es\/wp-json\/wp\/v2\/product"}],"about":[{"href":"https:\/\/muellerkitchen.es\/es\/wp-json\/wp\/v2\/types\/product"}],"replies":[{"embeddable":true,"href":"https:\/\/muellerkitchen.es\/es\/wp-json\/wp\/v2\/comments?post=4186"}],"wp:featuredmedia":[{"embeddable":true,"href":"https:\/\/muellerkitchen.es\/es\/wp-json\/wp\/v2\/media\/4189"}],"wp:attachment":[{"href":"https:\/\/muellerkitchen.es\/es\/wp-json\/wp\/v2\/media?parent=4186"}],"wp:term":[{"taxonomy":"product_cat","embeddable":true,"href":"https:\/\/muellerkitchen.es\/es\/wp-json\/wp\/v2\/product_cat?post=4186"},{"taxonomy":"product_tag","embeddable":true,"href":"https:\/\/muellerkitchen.es\/es\/wp-json\/wp\/v2\/product_tag?post=4186"}],"curies":[{"name":"wp","href":"https:\/\/api.w.org\/{rel}","templated":true}]}}