{"id":4191,"date":"2024-06-21T16:10:05","date_gmt":"2024-06-21T16:10:05","guid":{"rendered":"https:\/\/muellerkitchen.es\/?post_type=product&#038;p=4191"},"modified":"2025-12-10T12:53:11","modified_gmt":"2025-12-10T12:53:11","slug":"air-fryer-with-12-pre-set-programs-71l-1700w","status":"publish","type":"product","link":"https:\/\/muellerkitchen.es\/es\/producto\/air-fryer-with-12-pre-set-programs-71l-1700w\/","title":{"rendered":"Freidora de Aire con 12 Programas Preestablecidos - 7,1L - 1700W"},"content":{"rendered":"<p data-sourcepos=\"9:1-9:37\"><strong>Sin esfuerzo y cocina saludable:<\/strong><\/p>\n<ul data-sourcepos=\"11:1-16:0\">\n<li data-sourcepos=\"11:1-11:230\"><strong>Tecnolog\u00eda de circulaci\u00f3n de aire r\u00e1pida:<\/strong> Experimente la magia de la r\u00e1pida circulaci\u00f3n de aire que cocina los alimentos de manera uniforme desde todos los lados, lo que resulta en exteriores perfectamente crujientes e interiores tiernos y jugosos - todos con un m\u00ednimo o ning\u00fan aceite requerido.<\/li>\n<li data-sourcepos=\"12:1-12:259\"><strong>Capacidad grande de 7,1 litros:<\/strong> Cocine suficiente comida para satisfacer a toda la familia o prepare comidas para reuniones con facilidad. La amplia capacidad le permite fre\u00edr al aire una variedad de ingredientes, desde papas fritas y alitas de pollo a verduras e incluso postres.<\/li>\n<li data-sourcepos=\"13:1-13:174\"><strong>Potente calefacci\u00f3n de 1700W:<\/strong> Disfrute de una cocci\u00f3n r\u00e1pida y eficiente con el potente elemento de calefacci\u00f3n de 1700 vatios que garantiza que sus alimentos se cocinen r\u00e1pida y uniformemente, cada vez.<\/li>\n<li data-sourcepos=\"14:1-14:274\"><strong>12 programas de Pre-Set:<\/strong> Elimine las conjeturas de cocinar con 12 convenientes programas preestablecidos para platos populares como papas fritas, pollo, pescado, verduras y m\u00e1s. Simplemente seleccione el programa deseado y la freidora de aire se encargar\u00e1 del resto, asegurando resultados perfectamente cocinados.<\/li>\n<li data-sourcepos=\"15:1-16:0\"><strong>Personalizable de cocina:<\/strong> Para el m\u00e1ximo control sobre su cocci\u00f3n, la freidora de aire cuenta con controles de temperatura ajustables que van desde 80\u00b0C a 200\u00b0C y un temporizador incorporado. Esto le permite personalizar el proceso de cocci\u00f3n para cualquier receta, logrando el nivel perfecto de crujiente y de cocci\u00f3n.<\/li>\n<\/ul>\n<p data-sourcepos=\"19:1-19:29\"><strong>Conveniencia y dise\u00f1o:<\/strong><\/p>\n<ul data-sourcepos=\"21:1-25:0\">\n<li data-sourcepos=\"21:1-21:205\"><strong>Pantalla digital intuitiva y controles t\u00e1ctiles:<\/strong> La pantalla digital LCD de f\u00e1cil manejo muestra la temperatura y el tiempo de cocci\u00f3n, mientras que los elegantes botones t\u00e1ctiles ofrecen un control sin esfuerzo sobre todos los ajustes.<\/li>\n<li data-sourcepos=\"22:1-22:151\"><strong>Carcasa de metal durable:<\/strong> La elegante carcasa de metal con un mango de tacto fr\u00edo garantiza un funcionamiento seguro y a\u00f1ade un toque de elegancia a su encimera.<\/li>\n<li data-sourcepos=\"23:1-23:143\"><strong>Monitoreo f\u00e1cil con ventana de visualizaci\u00f3n:<\/strong> Mantenga un ojo en su comida sin interrumpir el ciclo de cocci\u00f3n con la ventana de visualizaci\u00f3n conveniente.<\/li>\n<li data-sourcepos=\"24:1-25:0\"><strong>Limpieza sin esfuerzo:<\/strong> La cesta de alimentos apta para lavavajillas cuenta con un revestimiento antiadherente GREBLON E2 de primera calidad de Alemania, que garantiza una liberaci\u00f3n de alimentos sin esfuerzo y una limpieza f\u00e1cil.<\/li>\n<\/ul>\n<p data-sourcepos=\"28:1-28:122\"><strong>Abrazar un estilo de vida m\u00e1s saludable y disfrutar de deliciosos alimentos fritos con la Muller Kitchen Air Fryer! Pida el suyo hoy!<\/strong><\/p>\n<p data-sourcepos=\"30:1-30:11\">\n<p><iframe title=\"YouTube video player\" src=\"https:\/\/www.youtube.com\/embed\/kGjnXz00d9c\" width=\"320\" height=\"560\" frameborder=\"0\" allowfullscreen=\"allowfullscreen\"><\/iframe><\/p>","protected":false},"excerpt":{"rendered":"<p>Eleve su experiencia de cocina casera con la Muller Kitchen Air Fryer! Este potente y vers\u00e1til aparato le permite disfrutar de crujientes, deliciosos alimentos fritos con hasta un 80% menos de grasa en comparaci\u00f3n con la fritura profunda tradicional.<\/p>","protected":false},"featured_media":4193,"comment_status":"open","ping_status":"closed","template":"","meta":{"postBodyCss":"","postBodyMargin":[],"postBodyPadding":[],"postBodyBackground":{"backgroundType":"classic","gradient":""}},"product_cat":[202,213],"product_tag":[],"_links":{"self":[{"href":"https:\/\/muellerkitchen.es\/es\/wp-json\/wp\/v2\/product\/4191"}],"collection":[{"href":"https:\/\/muellerkitchen.es\/es\/wp-json\/wp\/v2\/product"}],"about":[{"href":"https:\/\/muellerkitchen.es\/es\/wp-json\/wp\/v2\/types\/product"}],"replies":[{"embeddable":true,"href":"https:\/\/muellerkitchen.es\/es\/wp-json\/wp\/v2\/comments?post=4191"}],"wp:featuredmedia":[{"embeddable":true,"href":"https:\/\/muellerkitchen.es\/es\/wp-json\/wp\/v2\/media\/4193"}],"wp:attachment":[{"href":"https:\/\/muellerkitchen.es\/es\/wp-json\/wp\/v2\/media?parent=4191"}],"wp:term":[{"taxonomy":"product_cat","embeddable":true,"href":"https:\/\/muellerkitchen.es\/es\/wp-json\/wp\/v2\/product_cat?post=4191"},{"taxonomy":"product_tag","embeddable":true,"href":"https:\/\/muellerkitchen.es\/es\/wp-json\/wp\/v2\/product_tag?post=4191"}],"curies":[{"name":"wp","href":"https:\/\/api.w.org\/{rel}","templated":true}]}}