{"id":4194,"date":"2024-06-24T12:55:19","date_gmt":"2024-06-24T12:55:19","guid":{"rendered":"https:\/\/muellerkitchen.es\/?post_type=product&#038;p=4194"},"modified":"2025-12-10T12:53:12","modified_gmt":"2025-12-10T12:53:12","slug":"air-fryer-with-8-pre-set-programs-55l-1700w","status":"publish","type":"product","link":"https:\/\/muellerkitchen.es\/es\/producto\/air-fryer-with-8-pre-set-programs-55l-1700w\/","title":{"rendered":"Freidora de Aire con 8 Programas Preestablecidos - 5,5L - 1700W"},"content":{"rendered":"<ul>\n<li data-sourcepos=\"3:1-3:163\"><strong>Saludables Fritos Favoritos:<\/strong> Disfrute de deliciosos alimentos fritos con hasta un 80% menos de grasa en comparaci\u00f3n con la fritura profunda tradicional, gracias a la r\u00e1pida tecnolog\u00eda de circulaci\u00f3n de aire.<\/li>\n<li data-sourcepos=\"4:1-4:153\"><strong>Gran capacidad para familias:<\/strong> La espaciosa capacidad de 5,5 litros cocina suficiente comida para toda la familia, perfecta para cenas entre semana o entretenimiento.<\/li>\n<li data-sourcepos=\"5:1-5:120\"><strong>Rendimiento Potente:<\/strong> El elemento calefactor 1700W garantiza una cocci\u00f3n r\u00e1pida y uniforme para obtener resultados perfectamente n\u00edtidos en todo momento.<\/li>\n<li data-sourcepos=\"6:1-6:106\"><strong>Cocinar sin Esfuerzo:<\/strong> 8 programas preestablecidos simplifican cocinar papas fritas, pollo, pescado, verduras y m\u00e1s.<\/li>\n<li data-sourcepos=\"7:1-7:134\"><strong>Control preciso:<\/strong> Control de temperatura ajustable (80\u00b0C - 200\u00b0C) y un temporizador incorporado permiten cocinar a medida para cualquier receta.<\/li>\n<li data-sourcepos=\"8:1-8:139\"><strong>Conveniencia digital:<\/strong> La pantalla digital LCD y los botones t\u00e1ctiles f\u00e1ciles de usar proporcionan una supervisi\u00f3n y un control claros sobre el proceso de cocci\u00f3n.<\/li>\n<li data-sourcepos=\"9:1-9:129\"><strong>Dise\u00f1o durable:<\/strong> La elegante carcasa de metal con un mango de tacto fr\u00edo garantiza un funcionamiento seguro y un aspecto elegante en la encimera.<\/li>\n<li data-sourcepos=\"10:1-10:117\"><strong>Ventana de f\u00e1cil visualizaci\u00f3n:<\/strong> Mantenga un ojo en su comida sin abrir la freidora de aire e interrumpir el ciclo de cocci\u00f3n.<\/li>\n<li data-sourcepos=\"11:1-11:154\"><strong>Limpieza sin esfuerzo:<\/strong> El revestimiento de tecnolog\u00eda alemana GREBLON E2 antiadherente en la cesta de alimentos garantiza una liberaci\u00f3n de alimentos sin esfuerzo y una limpieza segura para el lavavajillas.<\/li>\n<\/ul>","protected":false},"excerpt":{"rendered":"<ul>\n<li>Cocina Saludable<\/li>\n<li>5,5L de Capacidad<\/li>\n<li>8 Programas de Pre-Set<\/li>\n<li>Ventana de Visi\u00f3n<\/li>\n<li>Tecnolog\u00eda Alemana Antiadherente Recubrimiento<\/li>\n<\/ul>","protected":false},"featured_media":4195,"comment_status":"open","ping_status":"closed","template":"","meta":{"postBodyCss":"","postBodyMargin":[],"postBodyPadding":[],"postBodyBackground":{"backgroundType":"classic","gradient":""}},"product_cat":[202,213],"product_tag":[],"_links":{"self":[{"href":"https:\/\/muellerkitchen.es\/es\/wp-json\/wp\/v2\/product\/4194"}],"collection":[{"href":"https:\/\/muellerkitchen.es\/es\/wp-json\/wp\/v2\/product"}],"about":[{"href":"https:\/\/muellerkitchen.es\/es\/wp-json\/wp\/v2\/types\/product"}],"replies":[{"embeddable":true,"href":"https:\/\/muellerkitchen.es\/es\/wp-json\/wp\/v2\/comments?post=4194"}],"wp:featuredmedia":[{"embeddable":true,"href":"https:\/\/muellerkitchen.es\/es\/wp-json\/wp\/v2\/media\/4195"}],"wp:attachment":[{"href":"https:\/\/muellerkitchen.es\/es\/wp-json\/wp\/v2\/media?parent=4194"}],"wp:term":[{"taxonomy":"product_cat","embeddable":true,"href":"https:\/\/muellerkitchen.es\/es\/wp-json\/wp\/v2\/product_cat?post=4194"},{"taxonomy":"product_tag","embeddable":true,"href":"https:\/\/muellerkitchen.es\/es\/wp-json\/wp\/v2\/product_tag?post=4194"}],"curies":[{"name":"wp","href":"https:\/\/api.w.org\/{rel}","templated":true}]}}