{"id":4263,"date":"2024-10-02T22:13:39","date_gmt":"2024-10-02T22:13:39","guid":{"rendered":"https:\/\/muellerkitchen.es\/?post_type=product&#038;p=4263"},"modified":"2025-12-10T12:53:13","modified_gmt":"2025-12-10T12:53:13","slug":"glass-blender-15l-1000w","status":"publish","type":"product","link":"https:\/\/muellerkitchen.es\/es\/producto\/glass-blender-15l-1000w\/","title":{"rendered":"Batidora de Vaso 1,5L \u2013 1000W"},"content":{"rendered":"<p><strong>Presentamos la licuadora de vidrio para Muller Kitchen, una potencia culinaria dise\u00f1ada para elevar su experiencia culinaria.<\/strong><\/p>\n<p>Equipado con un potente motor de 1000W, esta licuadora se encarga sin esfuerzo de una variedad de tareas. Desde la trituraci\u00f3n de hielo hasta la mezcla de batidos y el pur\u00e9 de sopa, ofrece un rendimiento excepcional con velocidad y precisi\u00f3n. La jarra de vidrio de 1.5L es ideal para crear grandes cantidades de sus bebidas y platos favoritos, por lo que es perfecta para las familias.<\/p>\n<p>Para mayor comodidad, la licuadora de vidrio para Muller Kitchen tiene tres programas autom\u00e1ticos: Trituraci\u00f3n de hielo, Batido y Pulsos. Estas funciones preestablecidas eliminan el dilema de la mezcla, asegurando resultados \u00f3ptimos en todo momento. Con cinco velocidades variables, tiene un control total sobre el proceso de mezcla, lo que le permite lograr la consistencia deseada para sus ingredientes.<\/p>\n<p>Construido con durabilidad y estilo en mente, la Muller Kitchen batidora de vaso cuenta con cuchillas de acero inoxidable de alta calidad con 6 bordes que ofrecen resultados suaves y consistentes. La elegante carcasa de acero inoxidable a\u00f1ade un toque de sofisticaci\u00f3n a su cocina, al tiempo que garantiza un rendimiento duradero. La seguridad es una prioridad, y el bloqueo de seguridad integrado evita arranques accidentales, lo que le da tranquilidad durante el uso.<\/p>\n<p>Limpiar despu\u00e9s de un d\u00eda ajetreado en la cocina es f\u00e1cil con el mezclador de vidrio para Muller Kitchen. El tarro y la tapa son aptos para lavavajillas, lo que le ahorra tiempo y esfuerzo. La construcci\u00f3n de vidrio resistente al calor permite una f\u00e1cil limpieza sin preocuparse por los cambios bruscos de temperatura. Debajo del elegante exterior se encuentra un potente motor 100% de cobre con protecci\u00f3n contra sobrecalentamiento, lo que garantiza un rendimiento fiable y duradero.<\/p>\n<p><strong>Invierta en la licuadora de vidrio para Muller Kitchen y experimente lo \u00faltimo en tecnolog\u00eda de mezcla<\/strong>. Con su potente motor, caracter\u00edsticas vers\u00e1tiles y construcci\u00f3n duradera, esta licuadora es un imprescindible para cualquier cocina.<\/p>\n<p><iframe title=\"YouTube video player\" src=\"https:\/\/www.youtube.com\/embed\/K4NCLY-4tQo\" width=\"320\" height=\"560\" frameborder=\"0\" allowfullscreen=\"allowfullscreen\"><\/iframe><\/p>","protected":false},"excerpt":{"rendered":"<ul>\n<li>Su motor de 1000W muele hielo, licua batidos y hace sopas en segundos.<\/li>\n<li>La jarra de vidrio de 1,5 l es perfecta para preparar grandes cantidades de batidos, sopas y salsas.<\/li>\n<li>Sus 3 programas autom\u00e1ticos (Ice Crush, Smoothie y Pulse) eliminan las conjeturas al mezclar.<\/li>\n<li>5 velocidades variables le dan un control preciso sobre el proceso de mezcla.<\/li>\n<li>Las cuchillas de acero inoxidable de alta calidad con 6 cabezas ofrecen resultados suaves y consistentes.<\/li>\n<li>Carcasa de acero inoxidable que est\u00e1 dise\u00f1ada para durar y se ve muy bien en cualquier cocina.<\/li>\n<li>El bloqueo de seguridad evita arranques accidentales.<\/li>\n<\/ul>","protected":false},"featured_media":4264,"comment_status":"open","ping_status":"closed","template":"","meta":{"postBodyCss":"","postBodyMargin":[],"postBodyPadding":[],"postBodyBackground":{"backgroundType":"classic","gradient":""}},"product_cat":[196,213],"product_tag":[],"_links":{"self":[{"href":"https:\/\/muellerkitchen.es\/es\/wp-json\/wp\/v2\/product\/4263"}],"collection":[{"href":"https:\/\/muellerkitchen.es\/es\/wp-json\/wp\/v2\/product"}],"about":[{"href":"https:\/\/muellerkitchen.es\/es\/wp-json\/wp\/v2\/types\/product"}],"replies":[{"embeddable":true,"href":"https:\/\/muellerkitchen.es\/es\/wp-json\/wp\/v2\/comments?post=4263"}],"wp:featuredmedia":[{"embeddable":true,"href":"https:\/\/muellerkitchen.es\/es\/wp-json\/wp\/v2\/media\/4264"}],"wp:attachment":[{"href":"https:\/\/muellerkitchen.es\/es\/wp-json\/wp\/v2\/media?parent=4263"}],"wp:term":[{"taxonomy":"product_cat","embeddable":true,"href":"https:\/\/muellerkitchen.es\/es\/wp-json\/wp\/v2\/product_cat?post=4263"},{"taxonomy":"product_tag","embeddable":true,"href":"https:\/\/muellerkitchen.es\/es\/wp-json\/wp\/v2\/product_tag?post=4263"}],"curies":[{"name":"wp","href":"https:\/\/api.w.org\/{rel}","templated":true}]}}