{"id":4272,"date":"2024-10-02T22:25:44","date_gmt":"2024-10-02T22:25:44","guid":{"rendered":"https:\/\/muellerkitchen.es\/?post_type=product&#038;p=4272"},"modified":"2025-12-10T12:53:14","modified_gmt":"2025-12-10T12:53:14","slug":"kitchen-utensils-set-with-silicone-edges-7-pieces","status":"publish","type":"product","link":"https:\/\/muellerkitchen.es\/es\/producto\/kitchen-utensils-set-with-silicone-edges-7-pieces\/","title":{"rendered":"Juego de utensilios de cocina con bordes de silicona - 7 piezas"},"content":{"rendered":"<p>Eleva tu experiencia culinaria con nuestro conjunto de utensilios de silicona duradero y vers\u00e1til. Dise\u00f1ado para satisfacer todas sus necesidades culinarias, este conjunto ofrece una combinaci\u00f3n perfecta de funcionalidad y estilo. Fabricados con materiales de alta calidad y dise\u00f1os ergon\u00f3micos, estos utensilios son imprescindibles para cualquier cocina.<\/p>\n<p>Los bordes de silicona son resistentes al calor hasta 270 grados cent\u00edgrados, lo que garantiza un uso seguro y eficiente con alimentos calientes y fr\u00edos. Las c\u00f3modas asas de silicona antideslizantes proporcionan un agarre seguro, reduciendo la fatiga y la tensi\u00f3n de la mano. Cada utensilio cuenta con un n\u00facleo de acero inoxidable duradero para la durabilidad y resistencia. El soporte incluido permite un f\u00e1cil almacenamiento y acceso a sus utensilios, manteniendo su cocina organizada y sin desorden.<\/p>\n<p>Hecho con materiales sin BPA y dise\u00f1ado para ser suave con utensilios de cocina antiadherentes, este conjunto es seguro y pr\u00e1ctico. Para una limpieza r\u00e1pida y f\u00e1cil, los utensilios son lavavajillas. Sin embargo, para un cuidado \u00f3ptimo y mantener la longevidad de silicona y acero inoxidable, se recomienda lavar a mano.<\/p>\n<p>Este vers\u00e1til conjunto incluye una cuchara de espagueti, cuchara s\u00f3lida, cuchara s\u00f3lida, cuchara, espumadera ranurada, batidor y turner s\u00f3lido, por lo que es adecuado para varias tareas de cocina, desde agitaci\u00f3n y mezcla hasta volteo y servicio.<\/p>\n<p>Mejora tu experiencia culinaria con nuestro juego de utensilios de silicona de 7 piezas.<\/p>","protected":false},"excerpt":{"rendered":"<ul>\n<li>7 Piezas esenciales: incluye una cuchara de espagueti, una cuchara s\u00f3lida, una cuchara s\u00f3lida, una cacerola, un skimmer ranurado, un batidor y un tornador s\u00f3lido para satisfacer todas sus necesidades de cocina.<\/li>\n<li>Silicona resistente al calor: los bordes de silicona son resistentes al calor hasta 270 grados cent\u00edgrados, lo que garantiza un uso seguro y eficiente con alimentos calientes y fr\u00edos.<\/li>\n<li>Empu\u00f1aduras ergon\u00f3micas de silicona: las c\u00f3modas empu\u00f1aduras de silicona antideslizantes proporcionan un agarre seguro, reduciendo la fatiga y la tensi\u00f3n en la mano.<\/li>\n<li>N\u00facleo de acero inoxidable: cada utensilio cuenta con un n\u00facleo de acero inoxidable duradero para la durabilidad y resistencia.<\/li>\n<li>Soporte giratorio de 360 grados: el conveniente soporte permite un f\u00e1cil almacenamiento y acceso a sus utensilios, manteniendo su cocina organizada.<\/li>\n<li>BPA libre y seguro para utensilios de cocina antiadherentes: Hecho con materiales libres de BPA y dise\u00f1ados para ser suaves con los utensilios de cocina antiadherentes, evitando ara\u00f1azos y da\u00f1os.<\/li>\n<li>Lavavajillas: Para una limpieza r\u00e1pida y f\u00e1cil, estos utensilios son lavavajillas.<\/li>\n<\/ul>\n<p><iframe title=\"YouTube video player\" src=\"https:\/\/www.youtube.com\/embed\/FyHwocHV92k\" width=\"320\" height=\"560\" frameborder=\"0\" allowfullscreen=\"allowfullscreen\"><\/iframe><\/p>","protected":false},"featured_media":4273,"comment_status":"open","ping_status":"closed","template":"","meta":{"postBodyCss":"","postBodyMargin":[],"postBodyPadding":[],"postBodyBackground":{"backgroundType":"classic","gradient":""}},"product_cat":[214,232],"product_tag":[],"_links":{"self":[{"href":"https:\/\/muellerkitchen.es\/es\/wp-json\/wp\/v2\/product\/4272"}],"collection":[{"href":"https:\/\/muellerkitchen.es\/es\/wp-json\/wp\/v2\/product"}],"about":[{"href":"https:\/\/muellerkitchen.es\/es\/wp-json\/wp\/v2\/types\/product"}],"replies":[{"embeddable":true,"href":"https:\/\/muellerkitchen.es\/es\/wp-json\/wp\/v2\/comments?post=4272"}],"wp:featuredmedia":[{"embeddable":true,"href":"https:\/\/muellerkitchen.es\/es\/wp-json\/wp\/v2\/media\/4273"}],"wp:attachment":[{"href":"https:\/\/muellerkitchen.es\/es\/wp-json\/wp\/v2\/media?parent=4272"}],"wp:term":[{"taxonomy":"product_cat","embeddable":true,"href":"https:\/\/muellerkitchen.es\/es\/wp-json\/wp\/v2\/product_cat?post=4272"},{"taxonomy":"product_tag","embeddable":true,"href":"https:\/\/muellerkitchen.es\/es\/wp-json\/wp\/v2\/product_tag?post=4272"}],"curies":[{"name":"wp","href":"https:\/\/api.w.org\/{rel}","templated":true}]}}