{"id":4409,"date":"2025-05-29T15:56:16","date_gmt":"2025-05-29T15:56:16","guid":{"rendered":"https:\/\/muellerkitchen.es\/?post_type=product&#038;p=4409"},"modified":"2025-12-10T12:53:19","modified_gmt":"2025-12-10T12:53:19","slug":"die-cast-aluminum-casserole-multiple-sizes-premium-series","status":"publish","type":"product","link":"https:\/\/muellerkitchen.es\/es\/producto\/die-cast-aluminum-casserole-multiple-sizes-premium-series\/","title":{"rendered":"Cacerola de aluminio fundido a presi\u00f3n - Varios tama\u00f1os | Serie Premium"},"content":{"rendered":"<ul>\n<li><span class=\"a-list-item\">OLLA MULTIPROP\u00d3SITO: Uso multiprop\u00f3sito para cocina casera o restaurante. Ideal para fre\u00edr, hervir langosta, cangrejo, mariscos, curry, pasta, verduras o caldos y sopas a fuego lento. Se puede utilizar como una olla de sopa, cazuela, freidora, olla, sart\u00e9n y sart\u00e9n<\/span><\/li>\n<li><span class=\"a-list-item\">MAT\u00c9RIAU DE HAUTE QUALIT\u00c9\u00a0: Le corps en aluminium moul\u00e9 sous pression ext\u00e9rieur qui assure une distribution de chaleur rapide et uniforme, une \u00e9paisseur de 4,5 mm fournit une distribution de chaleur stable pendant la cuisson, chauffe rapidement, \u00e9conomise du temps et de l\u2019\u00e9nergie, tout en offrant une dur\u00e9e de vie prolong\u00e9e. Le poids corporel appropri\u00e9 et la conductivit\u00e9 thermique peuvent assurer une dissipation uniforme de la chaleur et pr\u00e9venir les points chauds<\/span><\/li>\n<li><span class=\"a-list-item\">REV\u00caTEMENT ALLEMAND ANTIADH\u00c9SIF SAIN\u00a0: L\u2019int\u00e9rieur est recouvert d\u2019un rev\u00eatement en marbre renforc\u00e9 de c\u00e9ramique GREBLON C3+ antiadh\u00e9sif haute performance qui rend la casserole facile \u00e0 cuisiner et \u00e0 nettoyer. Cuisiner avec peu d\u2019huile pour une alimentation saine, tout en vous reposant, assurez-vous que vos ustensiles de cuisine sont exempts d\u2019APFO, de plomb et de cadmium. Allant au four jusqu\u2019\u00e0 220C \/ 430F<\/span><\/li>\n<li><span class=\"a-list-item\">MANGO EXTRA\u00cdBLE Y VIDRIO VISIBLE: La tapa de vidrio resistente a altas temperaturas puede mostrar los alimentos directamente, puede observar el estado de los alimentos en todo momento, lo que brinda una gran comodidad para cocinar. La salida de vapor en la tapa es m\u00e1s propicia para la circulaci\u00f3n del calor y la humedad mientras se aborda el problema de ebullici\u00f3n sobre\/ tapa de trueque<\/span><\/li>\n<li><span class=\"a-list-item\">BASE DE INDUCCI\u00d3N SUPERIOR: Conduce el calor de forma r\u00e1pida y uniforme, retiene el calor durante m\u00e1s tiempo, ahorra energ\u00eda y tiempo, lo que permite colocarlo uniformemente sobre la fuente de calor. Adecuado para su uso en: cocinas de inducci\u00f3n, gas, cer\u00e1mica, el\u00e9ctricas y hal\u00f3genas.<\/span><\/li>\n<\/ul>","protected":false},"excerpt":{"rendered":"<ul>\n<li>Cacerola multifuncional<\/li>\n<li>Material de aluminio fundido a presi\u00f3n de alta calidad<\/li>\n<li>Revestimiento antiadherente de m\u00e1rmol alem\u00e1n saludable<\/li>\n<li>Suave tacto de silicona manijas y tapas de silicona<\/li>\n<li>Base de inducci\u00f3n superior<\/li>\n<\/ul>","protected":false},"featured_media":4416,"comment_status":"open","ping_status":"closed","template":"","meta":{"postBodyCss":"","postBodyMargin":[],"postBodyPadding":[],"postBodyBackground":{"backgroundType":"classic","gradient":""}},"product_cat":[214,207],"product_tag":[],"_links":{"self":[{"href":"https:\/\/muellerkitchen.es\/es\/wp-json\/wp\/v2\/product\/4409"}],"collection":[{"href":"https:\/\/muellerkitchen.es\/es\/wp-json\/wp\/v2\/product"}],"about":[{"href":"https:\/\/muellerkitchen.es\/es\/wp-json\/wp\/v2\/types\/product"}],"replies":[{"embeddable":true,"href":"https:\/\/muellerkitchen.es\/es\/wp-json\/wp\/v2\/comments?post=4409"}],"wp:featuredmedia":[{"embeddable":true,"href":"https:\/\/muellerkitchen.es\/es\/wp-json\/wp\/v2\/media\/4416"}],"wp:attachment":[{"href":"https:\/\/muellerkitchen.es\/es\/wp-json\/wp\/v2\/media?parent=4409"}],"wp:term":[{"taxonomy":"product_cat","embeddable":true,"href":"https:\/\/muellerkitchen.es\/es\/wp-json\/wp\/v2\/product_cat?post=4409"},{"taxonomy":"product_tag","embeddable":true,"href":"https:\/\/muellerkitchen.es\/es\/wp-json\/wp\/v2\/product_tag?post=4409"}],"curies":[{"name":"wp","href":"https:\/\/api.w.org\/{rel}","templated":true}]}}