{"id":4476,"date":"2025-10-25T08:32:16","date_gmt":"2025-10-25T08:32:16","guid":{"rendered":"https:\/\/muellerkitchen.es\/?post_type=product&#038;p=4476"},"modified":"2025-12-10T12:53:21","modified_gmt":"2025-12-10T12:53:21","slug":"hand-blender-inox-stainless-steel-1000w","status":"publish","type":"product","link":"https:\/\/muellerkitchen.es\/es\/producto\/hand-blender-inox-stainless-steel-1000w\/","title":{"rendered":"Batidora de mano INOX acero inoxidable - 1000W"},"content":{"rendered":"<p data-start=\"882\" data-end=\"1103\"><strong data-start=\"882\" data-end=\"923\">Motor de 1000W DC para potencia m\u00e1xima:<\/strong><br data-start=\"923\" data-end=\"926\" \/>Mezcla batidos, sopas y salsas sin esfuerzo con el potente y eficiente motor de 1000W dise\u00f1ado para uso diario.<\/p>\n<p data-start=\"1105\" data-end=\"1296\"><strong data-start=\"1105\" data-end=\"1135\">Operaci\u00f3n Ultra Silenciosa<\/strong><br data-start=\"1135\" data-end=\"1138\" \/>El avanzado motor alem\u00e1n garantiza un alto rendimiento con un ruido m\u00ednimo, ideal para cocinas y familias tranquilas.<\/p>\n<p data-start=\"1298\" data-end=\"1519\"><strong data-start=\"1298\" data-end=\"1343\">Carcasa y cuchilla de acero inoxidable INOX:<\/strong><br data-start=\"1343\" data-end=\"1346\" \/>El dise\u00f1o duradero de acero inoxidable y las cuchillas afiladas aseguran texturas suaves y consistentes y un rendimiento duradero.<\/p>\n<p data-start=\"1521\" data-end=\"1694\"><strong data-start=\"1521\" data-end=\"1553\">Dise\u00f1o ergon\u00f3mico alem\u00e1n:<\/strong><br data-start=\"1553\" data-end=\"1556\" \/>Mango c\u00f3modo para un mejor agarre y control-f\u00e1cil de usar incluso con una sola mano.<\/p>\n<p data-start=\"1696\" data-end=\"1897\"><strong data-start=\"1696\" data-end=\"1735\">F\u00e1cil limpieza, lavavajillas seguro:<\/strong><br data-start=\"1735\" data-end=\"1738\" \/>La pata de mezcla extra\u00edble hace que la limpieza sea r\u00e1pida y sin esfuerzo; todas las partes extra\u00edbles son aptas para lavavajillas.<\/p>","protected":false},"excerpt":{"rendered":"<ul>\n<li>Potente motor de 1000W para resultados suaves.<\/li>\n<li>Rendimiento fuerte pero silencioso.<\/li>\n<li>Cuerpo de acero inoxidable y cuchilla afilada.<\/li>\n<li>Mango c\u00f3modo y f\u00e1cil de sostener.<\/li>\n<li>F\u00e1cil de limpiar con la pierna desmontable.<\/li>\n<\/ul>","protected":false},"featured_media":4477,"comment_status":"closed","ping_status":"closed","template":"","meta":{"postBodyCss":"","postBodyMargin":[],"postBodyPadding":[],"postBodyBackground":{"backgroundType":"classic","gradient":""}},"product_cat":[213,197],"product_tag":[],"_links":{"self":[{"href":"https:\/\/muellerkitchen.es\/es\/wp-json\/wp\/v2\/product\/4476"}],"collection":[{"href":"https:\/\/muellerkitchen.es\/es\/wp-json\/wp\/v2\/product"}],"about":[{"href":"https:\/\/muellerkitchen.es\/es\/wp-json\/wp\/v2\/types\/product"}],"replies":[{"embeddable":true,"href":"https:\/\/muellerkitchen.es\/es\/wp-json\/wp\/v2\/comments?post=4476"}],"wp:featuredmedia":[{"embeddable":true,"href":"https:\/\/muellerkitchen.es\/es\/wp-json\/wp\/v2\/media\/4477"}],"wp:attachment":[{"href":"https:\/\/muellerkitchen.es\/es\/wp-json\/wp\/v2\/media?parent=4476"}],"wp:term":[{"taxonomy":"product_cat","embeddable":true,"href":"https:\/\/muellerkitchen.es\/es\/wp-json\/wp\/v2\/product_cat?post=4476"},{"taxonomy":"product_tag","embeddable":true,"href":"https:\/\/muellerkitchen.es\/es\/wp-json\/wp\/v2\/product_tag?post=4476"}],"curies":[{"name":"wp","href":"https:\/\/api.w.org\/{rel}","templated":true}]}}