{"id":4487,"date":"2025-10-25T08:48:52","date_gmt":"2025-10-25T08:48:52","guid":{"rendered":"https:\/\/muellerkitchen.es\/?post_type=product&#038;p=4487"},"modified":"2025-12-10T12:53:22","modified_gmt":"2025-12-10T12:53:22","slug":"pureflow-pro-juice-extractor-1000w","status":"publish","type":"product","link":"https:\/\/muellerkitchen.es\/es\/producto\/pureflow-pro-juice-extractor-1000w\/","title":{"rendered":"Extractor de jugos PureFlow Pro - 1000W"},"content":{"rendered":"<p data-start=\"815\" data-end=\"1041\" class=\"translation-block\"><strong data-start=\"815\" data-end=\"857\">\ud83c\udf4e 1000W MOTOR DE COBRE DE ALTO RENDIMIENTO<\/strong> - Experimente la potencia de juicing profesional con el <strong data-start=\"922\" data-end=\"949\">motor 100% cobre 1000W de PureFlow Pro, dise\u00f1ado para una extracci\u00f3n de jugo r\u00e1pida y eficiente mientras se mantienen los nutrientes y la frescura.<\/p>\n<p data-start=\"1043\" data-end=\"1245\"><strong data-start=\"1043\" data-end=\"1092\">\ud83e\udd55 85 MM EXTRA-ANCHO DE INOX ACERO INOXIDABLE CANAL DE ALIMENTACI\u00d3N<\/strong> - Inserte frutas y verduras enteras como manzanas, zanahorias, peras y uvas sin necesidad de cortar previamente-ahorre tiempo y disfrute de jugos sin problemas todos los d\u00edas.<\/p>\n<p data-start=\"1247\" data-end=\"1449\" class=\"translation-block\"><strong data-start=\"1247\" data-end=\"1304\">\ud83c\udf47 FILTRO MICRO-MESH DE ACERO INOXIDABLE PARA RESULTADOS PUROS<\/strong> - Equipado con un <strong data-start=\"1323\" data-end=\"1363\">filtro de acero inoxidable de corte preciso<\/strong> que separa la pulpa de manera eficiente y garantiza una pulpa suave, rica en nutrientes.<\/p>\n<p data-start=\"1451\" data-end=\"1630\" class=\"translation-block\"><strong data-start=\"1451\" data-end=\"1494\">\ud83c\udf79 2 VELOCIDADES PARA INGREDIENTES DUROS Y BLANDOS<\/strong> - Ajusta entre <strong data-start=\"1512\" data-end=\"1534\">dos ajustes de velocidad<\/strong> para hacer jugos perfectos tanto de frutas suaves como de verduras duras, optimizando la textura y el rendimiento del jugo.<\/p>\n<p data-start=\"1632\" data-end=\"1859\" class=\"translation-block\"><strong data-start=\"1632\" data-end=\"1669\">\ud83e\uddfc LIMPIEZA F\u00c1CIL Y M\u00c1XIMA SEGURIDAD<\/strong> \u2013 El exclusivo dise\u00f1o desmontable de 5 pasos, las piezas aptas para lavavajillas y resistentes a los golpes t\u00e9rmicos, la doble cerradura de seguridad y los pies antideslizantes garantizan estabilidad, higiene y facilidad de uso.<\/p>","protected":false},"excerpt":{"rendered":"<ul>\n<li data-start=\"1912\" data-end=\"1978\">\n<p data-start=\"1915\" data-end=\"1978\">El motor de cobre puro 1000W ofrece jugos potentes y eficientes.<\/p>\n<\/li>\n<li data-start=\"1979\" data-end=\"2038\">\n<p data-start=\"1982\" data-end=\"2038\">La tolva de alimentaci\u00f3n de 85 mm de ancho se adapta a frutas y verduras enteras.<\/p>\n<\/li>\n<li data-start=\"2039\" data-end=\"2105\">\n<p data-start=\"2042\" data-end=\"2105\">El filtro de micro-malla de acero inoxidable garantiza un jugo suave y puro.<\/p>\n<\/li>\n<li data-start=\"2106\" data-end=\"2164\">\n<p data-start=\"2109\" data-end=\"2164\">Control de dos velocidades para ingredientes blandos y duros.<\/p>\n<\/li>\n<li data-start=\"2165\" data-end=\"2240\">\n<p data-start=\"2168\" data-end=\"2240\">Apto para lavavajillas, dise\u00f1o desmontable con bloqueo de seguridad y base antideslizante.<\/p>\n<\/li>\n<\/ul>","protected":false},"featured_media":4488,"comment_status":"closed","ping_status":"closed","template":"","meta":{"postBodyCss":"","postBodyMargin":[],"postBodyPadding":[],"postBodyBackground":{"backgroundType":"classic","gradient":""}},"product_cat":[213,199],"product_tag":[],"_links":{"self":[{"href":"https:\/\/muellerkitchen.es\/es\/wp-json\/wp\/v2\/product\/4487"}],"collection":[{"href":"https:\/\/muellerkitchen.es\/es\/wp-json\/wp\/v2\/product"}],"about":[{"href":"https:\/\/muellerkitchen.es\/es\/wp-json\/wp\/v2\/types\/product"}],"replies":[{"embeddable":true,"href":"https:\/\/muellerkitchen.es\/es\/wp-json\/wp\/v2\/comments?post=4487"}],"wp:featuredmedia":[{"embeddable":true,"href":"https:\/\/muellerkitchen.es\/es\/wp-json\/wp\/v2\/media\/4488"}],"wp:attachment":[{"href":"https:\/\/muellerkitchen.es\/es\/wp-json\/wp\/v2\/media?parent=4487"}],"wp:term":[{"taxonomy":"product_cat","embeddable":true,"href":"https:\/\/muellerkitchen.es\/es\/wp-json\/wp\/v2\/product_cat?post=4487"},{"taxonomy":"product_tag","embeddable":true,"href":"https:\/\/muellerkitchen.es\/es\/wp-json\/wp\/v2\/product_tag?post=4487"}],"curies":[{"name":"wp","href":"https:\/\/api.w.org\/{rel}","templated":true}]}}